{"id":924,"date":"2024-11-13T15:26:43","date_gmt":"2024-11-13T15:26:43","guid":{"rendered":"https:\/\/decorauvent.ca\/?page_id=924"},"modified":"2025-10-24T19:40:08","modified_gmt":"2025-10-24T19:40:08","slug":"rideaux-et-moustiquaires","status":"publish","type":"page","link":"https:\/\/decorauvent.ca\/en\/rideaux-et-moustiquaires\/","title":{"rendered":"Curtains and Screens"},"content":{"rendered":"\t\t<div data-elementor-type=\"wp-page\" data-elementor-id=\"924\" class=\"elementor elementor-924\" data-elementor-post-type=\"page\">\n\t\t\t\t<div class=\"elementor-element elementor-element-0585a25 e-flex e-con-boxed e-con e-parent\" data-id=\"0585a25\" data-element_type=\"container\" data-e-type=\"container\">\n\t\t\t\t\t<div class=\"e-con-inner\">\n\t\t<div class=\"elementor-element elementor-element-0cc050a e-flex e-con-boxed e-con e-child\" data-id=\"0cc050a\" data-element_type=\"container\" data-e-type=\"container\">\n\t\t\t\t\t<div class=\"e-con-inner\">\n\t\t\t\t<div class=\"elementor-element elementor-element-3275241 elementor-widget elementor-widget-heading\" data-id=\"3275241\" data-element_type=\"widget\" data-e-type=\"widget\" data-widget_type=\"heading.default\">\n\t\t\t\t<div class=\"elementor-widget-container\">\n\t\t\t\t\t<h2 class=\"elementor-heading-title elementor-size-default\">Rideaux et moustiquaires<\/h2>\t\t\t\t<\/div>\n\t\t\t\t<\/div>\n\t\t\t\t<div class=\"elementor-element elementor-element-00df755 elementor-widget__width-inherit elementor-widget elementor-widget-text-editor\" data-id=\"00df755\" data-element_type=\"widget\" data-e-type=\"widget\" data-widget_type=\"text-editor.default\">\n\t\t\t\t<div class=\"elementor-widget-container\">\n\t\t\t\t\t\t\t\t\t<section class=\"section is-primary is-cover is-large is-inverted\"><div class=\"container\"><div class=\"columns\"><div class=\"column is-6\"><section class=\"section is-primary is-cover is-large is-inverted\"><div class=\"container\"><div class=\"columns\"><div class=\"column is-6\"><p class=\"lead\">Pour un confort sup\u00e9rieur, une protection contre les variations de la m\u00e9t\u00e9o et les insectes nuisibles!<\/p><\/div><\/div><\/div><\/section><\/div><\/div><\/div><\/section>\t\t\t\t\t\t\t\t<\/div>\n\t\t\t\t<\/div>\n\t\t\t\t<div class=\"elementor-element elementor-element-895ff10 elementor-widget elementor-widget-heading\" data-id=\"895ff10\" data-element_type=\"widget\" data-e-type=\"widget\" data-widget_type=\"heading.default\">\n\t\t\t\t<div class=\"elementor-widget-container\">\n\t\t\t\t\t<h2 class=\"elementor-heading-title elementor-size-default\">Transformez votre oasis ext\u00e9rieure<\/h2>\t\t\t\t<\/div>\n\t\t\t\t<\/div>\n\t\t\t\t<div class=\"elementor-element elementor-element-b52c1c6 elementor-widget elementor-widget-text-editor\" data-id=\"b52c1c6\" data-element_type=\"widget\" data-e-type=\"widget\" data-widget_type=\"text-editor.default\">\n\t\t\t\t<div class=\"elementor-widget-container\">\n\t\t\t\t\t\t\t\t\t<div class=\"column is-12\"><div class=\"column is-12\"><p class=\"block is-size-4\">La meilleure fa\u00e7on de profiter pleinement de votre espace ext\u00e9rieur est d\u2019agr\u00e9menter votre auvent de terrasse ou votre v\u00e9randa avec des rideaux ou moustiquaires con\u00e7us sur mesure pour vous offrir un maximum de confort.<\/p><p class=\"block\"><span style=\"font-weight: 400;\">Ajoutez des moustiquaires pour vous immuniser contre les insectes nuisibles, des rideaux de plastique (transparent ou fum\u00e9) pour vous prot\u00e9ger des intemp\u00e9ries, ou encore un rideau de toile pour vous offrir plus d\u2019intimit\u00e9.<\/span><\/p><p class=\"block\"><span style=\"font-weight: 400;\">Toutes ces cloisons amovibles peuvent transformer votre espace ext\u00e9rieur, afin qu\u2019il soit propice \u00e0 la cr\u00e9ation d\u2019activit\u00e9s sociales inoubliables, et des moments de relaxation ultime.<\/span><\/p><\/div><div class=\"column is-6\">\u00a0<\/div><\/div>\t\t\t\t\t\t\t\t<\/div>\n\t\t\t\t<\/div>\n\t\t\t\t\t<\/div>\n\t\t\t\t<\/div>\n\t\t<div class=\"elementor-element elementor-element-c0b295f e-flex e-con-boxed e-con e-child\" data-id=\"c0b295f\" data-element_type=\"container\" data-e-type=\"container\">\n\t\t\t\t\t<div class=\"e-con-inner\">\n\t\t\t\t<div class=\"elementor-element elementor-element-ba10a19 elementor-pagination-type-bullets elementor-pagination-position-outside elementor-widget elementor-widget-n-carousel\" data-id=\"ba10a19\" data-element_type=\"widget\" data-e-type=\"widget\" data-settings=\"{&quot;carousel_items&quot;:[{&quot;slide_title&quot;:&quot;Slide #1&quot;,&quot;_id&quot;:&quot;fb21844&quot;},{&quot;slide_title&quot;:&quot;Slide #2&quot;,&quot;_id&quot;:&quot;0a8786d&quot;},{&quot;slide_title&quot;:&quot;Slide #3&quot;,&quot;_id&quot;:&quot;122427c&quot;},{&quot;slide_title&quot;:&quot;Slide #4&quot;,&quot;_id&quot;:&quot;7347a92&quot;},{&quot;slide_title&quot;:&quot;Slide #4&quot;,&quot;_id&quot;:&quot;984ca53&quot;}],&quot;slides_to_show&quot;:&quot;1&quot;,&quot;slides_to_scroll&quot;:&quot;1&quot;,&quot;autoplay_speed&quot;:4000,&quot;image_spacing_custom&quot;:{&quot;unit&quot;:&quot;px&quot;,&quot;size&quot;:0,&quot;sizes&quot;:[]},&quot;slides_to_show_tablet&quot;:&quot;1&quot;,&quot;slides_to_show_mobile&quot;:&quot;1&quot;,&quot;autoplay&quot;:&quot;yes&quot;,&quot;infinite&quot;:&quot;yes&quot;,&quot;speed&quot;:500,&quot;offset_sides&quot;:&quot;none&quot;,&quot;pagination&quot;:&quot;bullets&quot;,&quot;image_spacing_custom_tablet&quot;:{&quot;unit&quot;:&quot;px&quot;,&quot;size&quot;:&quot;&quot;,&quot;sizes&quot;:[]},&quot;image_spacing_custom_mobile&quot;:{&quot;unit&quot;:&quot;px&quot;,&quot;size&quot;:&quot;&quot;,&quot;sizes&quot;:[]}}\" data-widget_type=\"nested-carousel.default\">\n\t\t\t\t<div class=\"elementor-widget-container\">\n\t\t\t\t\t\t\t<div class=\"e-n-carousel swiper\" role=\"region\" aria-roledescription=\"carousel\" aria-label=\"Carousel\" dir=\"ltr\">\n\t\t\t<div class=\"swiper-wrapper\" aria-live=\"off\">\n\t\t\t\t\t\t\t\t\t\t<div class=\"swiper-slide\" data-slide=\"1\" role=\"group\" aria-roledescription=\"slide\" aria-label=\"1 sur 5\">\n\t\t\t\t\t\t\t<div class=\"elementor-element elementor-element-f662af1 e-flex e-con-boxed e-con e-child\" data-id=\"f662af1\" data-element_type=\"container\" data-e-type=\"container\">\n\t\t\t\t\t<div class=\"e-con-inner\">\n\t\t\t\t<div class=\"elementor-element elementor-element-c2db291 elementor-widget elementor-widget-image\" data-id=\"c2db291\" data-element_type=\"widget\" data-e-type=\"widget\" data-widget_type=\"image.default\">\n\t\t\t\t<div class=\"elementor-widget-container\">\n\t\t\t\t\t\t\t\t\t\t\t\t\t\t\t<img fetchpriority=\"high\" decoding=\"async\" width=\"800\" height=\"536\" src=\"https:\/\/decorauvent.ca\/wp-content\/uploads\/2024\/11\/mosquitero5-1024x686.jpg\" class=\"attachment-large size-large wp-image-931\" alt=\"\" srcset=\"https:\/\/decorauvent.ca\/wp-content\/uploads\/2024\/11\/mosquitero5-1024x686.jpg 1024w, https:\/\/decorauvent.ca\/wp-content\/uploads\/2024\/11\/mosquitero5-300x201.jpg 300w, https:\/\/decorauvent.ca\/wp-content\/uploads\/2024\/11\/mosquitero5-768x514.jpg 768w, https:\/\/decorauvent.ca\/wp-content\/uploads\/2024\/11\/mosquitero5-1536x1028.jpg 1536w, https:\/\/decorauvent.ca\/wp-content\/uploads\/2024\/11\/mosquitero5-18x12.jpg 18w, https:\/\/decorauvent.ca\/wp-content\/uploads\/2024\/11\/mosquitero5.jpg 2048w\" sizes=\"(max-width: 800px) 100vw, 800px\" \/>\t\t\t\t\t\t\t\t\t\t\t\t\t\t\t<\/div>\n\t\t\t\t<\/div>\n\t\t\t\t\t<\/div>\n\t\t\t\t<\/div>\n\t\t\t\t\t\t\t\t<\/div>\n\t\t\t\t\t\t\t\t\t\t\t<div class=\"swiper-slide\" data-slide=\"2\" role=\"group\" aria-roledescription=\"slide\" aria-label=\"2 sur 5\">\n\t\t\t\t\t\t\t<div class=\"elementor-element elementor-element-4ba104f e-flex e-con-boxed e-con e-child\" data-id=\"4ba104f\" data-element_type=\"container\" data-e-type=\"container\">\n\t\t\t\t\t<div class=\"e-con-inner\">\n\t\t\t\t<div class=\"elementor-element elementor-element-73d083f elementor-widget elementor-widget-image\" data-id=\"73d083f\" data-element_type=\"widget\" data-e-type=\"widget\" data-widget_type=\"image.default\">\n\t\t\t\t<div class=\"elementor-widget-container\">\n\t\t\t\t\t\t\t\t\t\t\t\t\t\t\t<img decoding=\"async\" width=\"800\" height=\"536\" src=\"https:\/\/decorauvent.ca\/wp-content\/uploads\/2024\/11\/mosquitero3-1024x686.jpg\" class=\"attachment-large size-large wp-image-930\" alt=\"\" srcset=\"https:\/\/decorauvent.ca\/wp-content\/uploads\/2024\/11\/mosquitero3-1024x686.jpg 1024w, https:\/\/decorauvent.ca\/wp-content\/uploads\/2024\/11\/mosquitero3-300x201.jpg 300w, https:\/\/decorauvent.ca\/wp-content\/uploads\/2024\/11\/mosquitero3-768x514.jpg 768w, https:\/\/decorauvent.ca\/wp-content\/uploads\/2024\/11\/mosquitero3-1536x1028.jpg 1536w, https:\/\/decorauvent.ca\/wp-content\/uploads\/2024\/11\/mosquitero3-18x12.jpg 18w, https:\/\/decorauvent.ca\/wp-content\/uploads\/2024\/11\/mosquitero3.jpg 2048w\" sizes=\"(max-width: 800px) 100vw, 800px\" \/>\t\t\t\t\t\t\t\t\t\t\t\t\t\t\t<\/div>\n\t\t\t\t<\/div>\n\t\t\t\t\t<\/div>\n\t\t\t\t<\/div>\n\t\t\t\t\t\t\t\t<\/div>\n\t\t\t\t\t\t\t\t\t\t\t<div class=\"swiper-slide\" data-slide=\"3\" role=\"group\" aria-roledescription=\"slide\" aria-label=\"3 sur 5\">\n\t\t\t\t\t\t\t<div class=\"elementor-element elementor-element-6c9872a e-flex e-con-boxed e-con e-child\" data-id=\"6c9872a\" data-element_type=\"container\" data-e-type=\"container\">\n\t\t\t\t\t<div class=\"e-con-inner\">\n\t\t\t\t<div class=\"elementor-element elementor-element-d27d0b8 elementor-widget elementor-widget-image\" data-id=\"d27d0b8\" data-element_type=\"widget\" data-e-type=\"widget\" data-widget_type=\"image.default\">\n\t\t\t\t<div class=\"elementor-widget-container\">\n\t\t\t\t\t\t\t\t\t\t\t\t\t\t\t<img decoding=\"async\" width=\"800\" height=\"536\" src=\"https:\/\/decorauvent.ca\/wp-content\/uploads\/2024\/11\/mosquitero2-1024x686.jpg\" class=\"attachment-large size-large wp-image-929\" alt=\"\" srcset=\"https:\/\/decorauvent.ca\/wp-content\/uploads\/2024\/11\/mosquitero2-1024x686.jpg 1024w, https:\/\/decorauvent.ca\/wp-content\/uploads\/2024\/11\/mosquitero2-300x201.jpg 300w, https:\/\/decorauvent.ca\/wp-content\/uploads\/2024\/11\/mosquitero2-768x514.jpg 768w, https:\/\/decorauvent.ca\/wp-content\/uploads\/2024\/11\/mosquitero2-1536x1028.jpg 1536w, https:\/\/decorauvent.ca\/wp-content\/uploads\/2024\/11\/mosquitero2-18x12.jpg 18w, https:\/\/decorauvent.ca\/wp-content\/uploads\/2024\/11\/mosquitero2.jpg 2048w\" sizes=\"(max-width: 800px) 100vw, 800px\" \/>\t\t\t\t\t\t\t\t\t\t\t\t\t\t\t<\/div>\n\t\t\t\t<\/div>\n\t\t\t\t\t<\/div>\n\t\t\t\t<\/div>\n\t\t\t\t\t\t\t\t<\/div>\n\t\t\t\t\t\t\t\t\t\t\t<div class=\"swiper-slide\" data-slide=\"4\" role=\"group\" aria-roledescription=\"slide\" aria-label=\"4 sur 5\">\n\t\t\t\t\t\t\t<div class=\"elementor-element elementor-element-7ad563f e-flex e-con-boxed e-con e-child\" data-id=\"7ad563f\" data-element_type=\"container\" data-e-type=\"container\">\n\t\t\t\t\t<div class=\"e-con-inner\">\n\t\t\t\t<div class=\"elementor-element elementor-element-dd7ea2e elementor-widget elementor-widget-image\" data-id=\"dd7ea2e\" data-element_type=\"widget\" data-e-type=\"widget\" data-widget_type=\"image.default\">\n\t\t\t\t<div class=\"elementor-widget-container\">\n\t\t\t\t\t\t\t\t\t\t\t\t\t\t\t<img loading=\"lazy\" decoding=\"async\" width=\"800\" height=\"536\" src=\"https:\/\/decorauvent.ca\/wp-content\/uploads\/2024\/11\/mosquitero-1024x686.jpg\" class=\"attachment-large size-large wp-image-928\" alt=\"\" srcset=\"https:\/\/decorauvent.ca\/wp-content\/uploads\/2024\/11\/mosquitero-1024x686.jpg 1024w, https:\/\/decorauvent.ca\/wp-content\/uploads\/2024\/11\/mosquitero-300x201.jpg 300w, https:\/\/decorauvent.ca\/wp-content\/uploads\/2024\/11\/mosquitero-768x514.jpg 768w, https:\/\/decorauvent.ca\/wp-content\/uploads\/2024\/11\/mosquitero-1536x1028.jpg 1536w, https:\/\/decorauvent.ca\/wp-content\/uploads\/2024\/11\/mosquitero-18x12.jpg 18w, https:\/\/decorauvent.ca\/wp-content\/uploads\/2024\/11\/mosquitero.jpg 2048w\" sizes=\"(max-width: 800px) 100vw, 800px\" \/>\t\t\t\t\t\t\t\t\t\t\t\t\t\t\t<\/div>\n\t\t\t\t<\/div>\n\t\t\t\t\t<\/div>\n\t\t\t\t<\/div>\n\t\t\t\t\t\t\t\t<\/div>\n\t\t\t\t\t\t\t\t\t\t\t<div class=\"swiper-slide\" data-slide=\"5\" role=\"group\" aria-roledescription=\"slide\" aria-label=\"5 sur 5\">\n\t\t\t\t\t\t\t<div class=\"elementor-element elementor-element-fe655cb e-flex e-con-boxed e-con e-child\" data-id=\"fe655cb\" data-element_type=\"container\" data-e-type=\"container\">\n\t\t\t\t\t<div class=\"e-con-inner\">\n\t\t\t\t<div class=\"elementor-element elementor-element-1ef6ee7 elementor-widget elementor-widget-image\" data-id=\"1ef6ee7\" data-element_type=\"widget\" data-e-type=\"widget\" data-widget_type=\"image.default\">\n\t\t\t\t<div class=\"elementor-widget-container\">\n\t\t\t\t\t\t\t\t\t\t\t\t\t\t\t<img loading=\"lazy\" decoding=\"async\" width=\"800\" height=\"536\" src=\"https:\/\/decorauvent.ca\/wp-content\/uploads\/2024\/11\/mosquitero4-1024x686.jpg\" class=\"attachment-large size-large wp-image-927\" alt=\"\" srcset=\"https:\/\/decorauvent.ca\/wp-content\/uploads\/2024\/11\/mosquitero4-1024x686.jpg 1024w, https:\/\/decorauvent.ca\/wp-content\/uploads\/2024\/11\/mosquitero4-300x201.jpg 300w, https:\/\/decorauvent.ca\/wp-content\/uploads\/2024\/11\/mosquitero4-768x514.jpg 768w, https:\/\/decorauvent.ca\/wp-content\/uploads\/2024\/11\/mosquitero4-1536x1028.jpg 1536w, https:\/\/decorauvent.ca\/wp-content\/uploads\/2024\/11\/mosquitero4-18x12.jpg 18w, https:\/\/decorauvent.ca\/wp-content\/uploads\/2024\/11\/mosquitero4.jpg 2048w\" sizes=\"(max-width: 800px) 100vw, 800px\" \/>\t\t\t\t\t\t\t\t\t\t\t\t\t\t\t<\/div>\n\t\t\t\t<\/div>\n\t\t\t\t\t<\/div>\n\t\t\t\t<\/div>\n\t\t\t\t\t\t\t\t<\/div>\n\t\t\t\t\t\t\t\t<\/div>\n\t\t<\/div>\n\t\t\t\t\t<div class=\"swiper-pagination\"><\/div>\n\t\t\t\t\t\t<\/div>\n\t\t\t\t<\/div>\n\t\t\t\t\t<\/div>\n\t\t\t\t<\/div>\n\t\t\t\t\t<\/div>\n\t\t\t\t<\/div>\n\t\t\t\t<\/div>\n\t\t","protected":false},"excerpt":{"rendered":"<p>Rideaux et moustiquaires Pour un confort sup\u00e9rieur, une protection contre les variations de la m\u00e9t\u00e9o et les insectes nuisibles! Transformez votre oasis ext\u00e9rieure La meilleure fa\u00e7on de profiter pleinement de votre espace ext\u00e9rieur est d\u2019agr\u00e9menter votre auvent de terrasse ou votre v\u00e9randa avec des rideaux ou moustiquaires con\u00e7us sur mesure pour vous offrir un maximum [&hellip;]<\/p>\n","protected":false},"author":2,"featured_media":0,"parent":0,"menu_order":0,"comment_status":"closed","ping_status":"closed","template":"elementor_header_footer","meta":{"_coblocks_attr":"","_coblocks_dimensions":"","_coblocks_responsive_height":"","_coblocks_accordion_ie_support":"","footnotes":""},"class_list":["post-924","page","type-page","status-publish","hentry"],"yoast_head":"<!-- This site is optimized with the Yoast SEO plugin v27.5 - https:\/\/yoast.com\/product\/yoast-seo-wordpress\/ -->\n<title>Rideaux et moustiquaires - D\u00e9cor Au Vent<\/title>\n<meta name=\"robots\" content=\"index, follow, max-snippet:-1, max-image-preview:large, max-video-preview:-1\" \/>\n<link rel=\"canonical\" href=\"https:\/\/decorauvent.ca\/en\/rideaux-et-moustiquaires\/\" \/>\n<meta property=\"og:locale\" content=\"en_US\" \/>\n<meta property=\"og:type\" content=\"article\" \/>\n<meta property=\"og:title\" content=\"Rideaux et moustiquaires - D\u00e9cor Au Vent\" \/>\n<meta property=\"og:description\" content=\"Rideaux et moustiquaires Pour un confort sup\u00e9rieur, une protection contre les variations de la m\u00e9t\u00e9o et les insectes nuisibles! Transformez votre oasis ext\u00e9rieure La meilleure fa\u00e7on de profiter pleinement de votre espace ext\u00e9rieur est d\u2019agr\u00e9menter votre auvent de terrasse ou votre v\u00e9randa avec des rideaux ou moustiquaires con\u00e7us sur mesure pour vous offrir un maximum [&hellip;]\" \/>\n<meta property=\"og:url\" content=\"https:\/\/decorauvent.ca\/en\/rideaux-et-moustiquaires\/\" \/>\n<meta property=\"og:site_name\" content=\"D\u00e9cor Au Vent\" \/>\n<meta property=\"article:modified_time\" content=\"2025-10-24T19:40:08+00:00\" \/>\n<meta property=\"og:image\" content=\"https:\/\/decorauvent.ca\/wp-content\/uploads\/2024\/11\/mosquitero5.jpg\" \/>\n\t<meta property=\"og:image:width\" content=\"2048\" \/>\n\t<meta property=\"og:image:height\" content=\"1371\" \/>\n\t<meta property=\"og:image:type\" content=\"image\/jpeg\" \/>\n<meta name=\"twitter:card\" content=\"summary_large_image\" \/>\n<meta name=\"twitter:label1\" content=\"Est. reading time\" \/>\n\t<meta name=\"twitter:data1\" content=\"3 minutes\" \/>\n<script type=\"application\/ld+json\" class=\"yoast-schema-graph\">{\"@context\":\"https:\\\/\\\/schema.org\",\"@graph\":[{\"@type\":\"WebPage\",\"@id\":\"https:\\\/\\\/decorauvent.ca\\\/rideaux-et-moustiquaires\\\/\",\"url\":\"https:\\\/\\\/decorauvent.ca\\\/rideaux-et-moustiquaires\\\/\",\"name\":\"Rideaux et moustiquaires - D\u00e9cor Au Vent\",\"isPartOf\":{\"@id\":\"https:\\\/\\\/decorauvent.ca\\\/#website\"},\"primaryImageOfPage\":{\"@id\":\"https:\\\/\\\/decorauvent.ca\\\/rideaux-et-moustiquaires\\\/#primaryimage\"},\"image\":{\"@id\":\"https:\\\/\\\/decorauvent.ca\\\/rideaux-et-moustiquaires\\\/#primaryimage\"},\"thumbnailUrl\":\"https:\\\/\\\/decorauvent.ca\\\/wp-content\\\/uploads\\\/2024\\\/11\\\/mosquitero5-1024x686.jpg\",\"datePublished\":\"2024-11-13T15:26:43+00:00\",\"dateModified\":\"2025-10-24T19:40:08+00:00\",\"breadcrumb\":{\"@id\":\"https:\\\/\\\/decorauvent.ca\\\/rideaux-et-moustiquaires\\\/#breadcrumb\"},\"inLanguage\":\"en-US\",\"potentialAction\":[{\"@type\":\"ReadAction\",\"target\":[\"https:\\\/\\\/decorauvent.ca\\\/rideaux-et-moustiquaires\\\/\"]}]},{\"@type\":\"ImageObject\",\"inLanguage\":\"en-US\",\"@id\":\"https:\\\/\\\/decorauvent.ca\\\/rideaux-et-moustiquaires\\\/#primaryimage\",\"url\":\"https:\\\/\\\/decorauvent.ca\\\/wp-content\\\/uploads\\\/2024\\\/11\\\/mosquitero5-1024x686.jpg\",\"contentUrl\":\"https:\\\/\\\/decorauvent.ca\\\/wp-content\\\/uploads\\\/2024\\\/11\\\/mosquitero5-1024x686.jpg\"},{\"@type\":\"BreadcrumbList\",\"@id\":\"https:\\\/\\\/decorauvent.ca\\\/rideaux-et-moustiquaires\\\/#breadcrumb\",\"itemListElement\":[{\"@type\":\"ListItem\",\"position\":1,\"name\":\"Portada\",\"item\":\"https:\\\/\\\/decorauvent.ca\\\/\"},{\"@type\":\"ListItem\",\"position\":2,\"name\":\"Rideaux et moustiquaires\"}]},{\"@type\":\"WebSite\",\"@id\":\"https:\\\/\\\/decorauvent.ca\\\/#website\",\"url\":\"https:\\\/\\\/decorauvent.ca\\\/\",\"name\":\"D\u00e9cor Au Vent\",\"description\":\"Le sp\u00e9cialiste des auvents sur mesure au Qu\u00e9bec\",\"publisher\":{\"@id\":\"https:\\\/\\\/decorauvent.ca\\\/#organization\"},\"potentialAction\":[{\"@type\":\"SearchAction\",\"target\":{\"@type\":\"EntryPoint\",\"urlTemplate\":\"https:\\\/\\\/decorauvent.ca\\\/?s={search_term_string}\"},\"query-input\":{\"@type\":\"PropertyValueSpecification\",\"valueRequired\":true,\"valueName\":\"search_term_string\"}}],\"inLanguage\":\"en-US\"},{\"@type\":\"Organization\",\"@id\":\"https:\\\/\\\/decorauvent.ca\\\/#organization\",\"name\":\"D\u00e9cor Au Vent\",\"url\":\"https:\\\/\\\/decorauvent.ca\\\/\",\"logo\":{\"@type\":\"ImageObject\",\"inLanguage\":\"en-US\",\"@id\":\"https:\\\/\\\/decorauvent.ca\\\/#\\\/schema\\\/logo\\\/image\\\/\",\"url\":\"\",\"contentUrl\":\"\",\"caption\":\"D\u00e9cor Au Vent\"},\"image\":{\"@id\":\"https:\\\/\\\/decorauvent.ca\\\/#\\\/schema\\\/logo\\\/image\\\/\"}}]}<\/script>\n<!-- \/ Yoast SEO plugin. -->","yoast_head_json":{"title":"Rideaux et moustiquaires - D\u00e9cor Au Vent","robots":{"index":"index","follow":"follow","max-snippet":"max-snippet:-1","max-image-preview":"max-image-preview:large","max-video-preview":"max-video-preview:-1"},"canonical":"https:\/\/decorauvent.ca\/en\/rideaux-et-moustiquaires\/","og_locale":"en_US","og_type":"article","og_title":"Rideaux et moustiquaires - D\u00e9cor Au Vent","og_description":"Rideaux et moustiquaires Pour un confort sup\u00e9rieur, une protection contre les variations de la m\u00e9t\u00e9o et les insectes nuisibles! Transformez votre oasis ext\u00e9rieure La meilleure fa\u00e7on de profiter pleinement de votre espace ext\u00e9rieur est d\u2019agr\u00e9menter votre auvent de terrasse ou votre v\u00e9randa avec des rideaux ou moustiquaires con\u00e7us sur mesure pour vous offrir un maximum [&hellip;]","og_url":"https:\/\/decorauvent.ca\/en\/rideaux-et-moustiquaires\/","og_site_name":"D\u00e9cor Au Vent","article_modified_time":"2025-10-24T19:40:08+00:00","og_image":[{"width":2048,"height":1371,"url":"https:\/\/decorauvent.ca\/wp-content\/uploads\/2024\/11\/mosquitero5.jpg","type":"image\/jpeg"}],"twitter_card":"summary_large_image","twitter_misc":{"Est. reading time":"3 minutes"},"schema":{"@context":"https:\/\/schema.org","@graph":[{"@type":"WebPage","@id":"https:\/\/decorauvent.ca\/rideaux-et-moustiquaires\/","url":"https:\/\/decorauvent.ca\/rideaux-et-moustiquaires\/","name":"Rideaux et moustiquaires - D\u00e9cor Au Vent","isPartOf":{"@id":"https:\/\/decorauvent.ca\/#website"},"primaryImageOfPage":{"@id":"https:\/\/decorauvent.ca\/rideaux-et-moustiquaires\/#primaryimage"},"image":{"@id":"https:\/\/decorauvent.ca\/rideaux-et-moustiquaires\/#primaryimage"},"thumbnailUrl":"https:\/\/decorauvent.ca\/wp-content\/uploads\/2024\/11\/mosquitero5-1024x686.jpg","datePublished":"2024-11-13T15:26:43+00:00","dateModified":"2025-10-24T19:40:08+00:00","breadcrumb":{"@id":"https:\/\/decorauvent.ca\/rideaux-et-moustiquaires\/#breadcrumb"},"inLanguage":"en-US","potentialAction":[{"@type":"ReadAction","target":["https:\/\/decorauvent.ca\/rideaux-et-moustiquaires\/"]}]},{"@type":"ImageObject","inLanguage":"en-US","@id":"https:\/\/decorauvent.ca\/rideaux-et-moustiquaires\/#primaryimage","url":"https:\/\/decorauvent.ca\/wp-content\/uploads\/2024\/11\/mosquitero5-1024x686.jpg","contentUrl":"https:\/\/decorauvent.ca\/wp-content\/uploads\/2024\/11\/mosquitero5-1024x686.jpg"},{"@type":"BreadcrumbList","@id":"https:\/\/decorauvent.ca\/rideaux-et-moustiquaires\/#breadcrumb","itemListElement":[{"@type":"ListItem","position":1,"name":"Portada","item":"https:\/\/decorauvent.ca\/"},{"@type":"ListItem","position":2,"name":"Rideaux et moustiquaires"}]},{"@type":"WebSite","@id":"https:\/\/decorauvent.ca\/#website","url":"https:\/\/decorauvent.ca\/","name":"D\u00e9cor Au Vent","description":"The Specialist in Custom Awnings in Quebec","publisher":{"@id":"https:\/\/decorauvent.ca\/#organization"},"potentialAction":[{"@type":"SearchAction","target":{"@type":"EntryPoint","urlTemplate":"https:\/\/decorauvent.ca\/?s={search_term_string}"},"query-input":{"@type":"PropertyValueSpecification","valueRequired":true,"valueName":"search_term_string"}}],"inLanguage":"en-US"},{"@type":"Organization","@id":"https:\/\/decorauvent.ca\/#organization","name":"D\u00e9cor Au Vent","url":"https:\/\/decorauvent.ca\/","logo":{"@type":"ImageObject","inLanguage":"en-US","@id":"https:\/\/decorauvent.ca\/#\/schema\/logo\/image\/","url":"","contentUrl":"","caption":"D\u00e9cor Au Vent"},"image":{"@id":"https:\/\/decorauvent.ca\/#\/schema\/logo\/image\/"}}]}},"_links":{"self":[{"href":"https:\/\/decorauvent.ca\/en\/wp-json\/wp\/v2\/pages\/924","targetHints":{"allow":["GET"]}}],"collection":[{"href":"https:\/\/decorauvent.ca\/en\/wp-json\/wp\/v2\/pages"}],"about":[{"href":"https:\/\/decorauvent.ca\/en\/wp-json\/wp\/v2\/types\/page"}],"author":[{"embeddable":true,"href":"https:\/\/decorauvent.ca\/en\/wp-json\/wp\/v2\/users\/2"}],"replies":[{"embeddable":true,"href":"https:\/\/decorauvent.ca\/en\/wp-json\/wp\/v2\/comments?post=924"}],"version-history":[{"count":16,"href":"https:\/\/decorauvent.ca\/en\/wp-json\/wp\/v2\/pages\/924\/revisions"}],"predecessor-version":[{"id":1729,"href":"https:\/\/decorauvent.ca\/en\/wp-json\/wp\/v2\/pages\/924\/revisions\/1729"}],"wp:attachment":[{"href":"https:\/\/decorauvent.ca\/en\/wp-json\/wp\/v2\/media?parent=924"}],"curies":[{"name":"wp","href":"https:\/\/api.w.org\/{rel}","templated":true}]}}