{"id":898,"date":"2024-11-13T15:04:43","date_gmt":"2024-11-13T15:04:43","guid":{"rendered":"https:\/\/decorauvent.ca\/?page_id=898"},"modified":"2026-04-14T15:20:06","modified_gmt":"2026-04-14T15:20:06","slug":"pergolas-accordeon-en-toile","status":"publish","type":"page","link":"https:\/\/decorauvent.ca\/en\/pergolas-accordeon-en-toile\/","title":{"rendered":"Accordion Canvas Pergolas"},"content":{"rendered":"\t\t<div data-elementor-type=\"wp-page\" data-elementor-id=\"898\" class=\"elementor elementor-898\" data-elementor-post-type=\"page\">\n\t\t\t\t<div class=\"elementor-element elementor-element-11f3dd8 e-flex e-con-boxed e-con e-parent\" data-id=\"11f3dd8\" data-element_type=\"container\" data-e-type=\"container\">\n\t\t\t\t\t<div class=\"e-con-inner\">\n\t\t<div class=\"elementor-element elementor-element-cf379ba e-flex e-con-boxed e-con e-child\" data-id=\"cf379ba\" data-element_type=\"container\" data-e-type=\"container\">\n\t\t\t\t\t<div class=\"e-con-inner\">\n\t\t\t\t<div class=\"elementor-element elementor-element-49ad0df elementor-widget elementor-widget-heading\" data-id=\"49ad0df\" data-element_type=\"widget\" data-e-type=\"widget\" data-widget_type=\"heading.default\">\n\t\t\t\t<div class=\"elementor-widget-container\">\n\t\t\t\t\t<h2 class=\"elementor-heading-title elementor-size-default\">Pergolas accord\u00e9ons en toile<\/h2>\t\t\t\t<\/div>\n\t\t\t\t<\/div>\n\t\t\t\t<div class=\"elementor-element elementor-element-988fc27 elementor-widget elementor-widget-text-editor\" data-id=\"988fc27\" data-element_type=\"widget\" data-e-type=\"widget\" data-widget_type=\"text-editor.default\">\n\t\t\t\t<div class=\"elementor-widget-container\">\n\t\t\t\t\t\t\t\t\t<section class=\"section is-primary is-cover is-large is-inverted\"><div class=\"container\"><div class=\"columns\"><div class=\"column is-6\"><section class=\"section is-primary is-cover is-large is-inverted\"><div class=\"container\"><div class=\"columns\"><div class=\"column is-6\"><p class=\"lead\"><span style=\"font-weight: 400;\">Id\u00e9ale pour les jours de pluie comme pour le beau temps<\/span> la pergola accord\u00e9on en toile vous permettra de profiter de la belle saison au maximum!<\/p><\/div><\/div><\/div><\/section><\/div><\/div><\/div><\/section>\t\t\t\t\t\t\t\t<\/div>\n\t\t\t\t<\/div>\n\t\t\t\t<div class=\"elementor-element elementor-element-1897eb8 elementor-widget elementor-widget-heading\" data-id=\"1897eb8\" data-element_type=\"widget\" data-e-type=\"widget\" data-widget_type=\"heading.default\">\n\t\t\t\t<div class=\"elementor-widget-container\">\n\t\t\t\t\t<h2 class=\"elementor-heading-title elementor-size-default\">Qu\u2019est-ce qu\u2019une pergola accord\u00e9on en toile?\n<\/h2>\t\t\t\t<\/div>\n\t\t\t\t<\/div>\n\t\t\t\t<div class=\"elementor-element elementor-element-3b9f31d elementor-widget elementor-widget-text-editor\" data-id=\"3b9f31d\" data-element_type=\"widget\" data-e-type=\"widget\" data-widget_type=\"text-editor.default\">\n\t\t\t\t<div class=\"elementor-widget-container\">\n\t\t\t\t\t\t\t\t\t<div class=\"column is-12\"><div class=\"column is-12\"><p class=\"block is-size-4\">Il s\u2019agit d\u2019un auvent dont la structure en aluminium est permanente, <span style=\"font-weight: 400;\">avec une toile qui peut se r\u00e9tracter sur commande.<\/span> <span style=\"font-weight: 400;\">En fait, c\u2019est un mod\u00e8le hybride, entre l\u2019auvent stationnaire conventionnel et l\u2019auvent r\u00e9tractable.<\/span> La pergola accord\u00e9on permet de profiter de la terrasse, <span style=\"font-weight: 400;\">peu importe la m\u00e9t\u00e9o (tout comme l\u2019auvent stationnaire), mais vous<\/span>\u00a0n\u2019avez pas \u00e0 d\u00e9monter la toile en fin de saison. Ainsi, aucun remisage n\u2019est requis.<\/p><\/div><\/div>\t\t\t\t\t\t\t\t<\/div>\n\t\t\t\t<\/div>\n\t\t\t\t\t<\/div>\n\t\t\t\t<\/div>\n\t\t<div class=\"elementor-element elementor-element-715cf2a e-flex e-con-boxed e-con e-child\" data-id=\"715cf2a\" data-element_type=\"container\" data-e-type=\"container\">\n\t\t\t\t\t<div class=\"e-con-inner\">\n\t\t\t\t<div class=\"elementor-element elementor-element-e0f76b5 elementor-pagination-type-bullets elementor-pagination-position-outside elementor-widget elementor-widget-n-carousel\" data-id=\"e0f76b5\" data-element_type=\"widget\" data-e-type=\"widget\" data-settings=\"{&quot;carousel_items&quot;:[{&quot;slide_title&quot;:&quot;Slide #1&quot;,&quot;_id&quot;:&quot;fb21844&quot;},{&quot;slide_title&quot;:&quot;Slide #2&quot;,&quot;_id&quot;:&quot;0a8786d&quot;},{&quot;slide_title&quot;:&quot;Slide #3&quot;,&quot;_id&quot;:&quot;122427c&quot;},{&quot;slide_title&quot;:&quot;Slide #4&quot;,&quot;_id&quot;:&quot;7347a92&quot;}],&quot;slides_to_show&quot;:&quot;1&quot;,&quot;slides_to_scroll&quot;:&quot;1&quot;,&quot;autoplay_speed&quot;:4000,&quot;image_spacing_custom&quot;:{&quot;unit&quot;:&quot;px&quot;,&quot;size&quot;:0,&quot;sizes&quot;:[]},&quot;slides_to_show_tablet&quot;:&quot;1&quot;,&quot;slides_to_show_mobile&quot;:&quot;1&quot;,&quot;autoplay&quot;:&quot;yes&quot;,&quot;infinite&quot;:&quot;yes&quot;,&quot;speed&quot;:500,&quot;offset_sides&quot;:&quot;none&quot;,&quot;pagination&quot;:&quot;bullets&quot;,&quot;image_spacing_custom_tablet&quot;:{&quot;unit&quot;:&quot;px&quot;,&quot;size&quot;:&quot;&quot;,&quot;sizes&quot;:[]},&quot;image_spacing_custom_mobile&quot;:{&quot;unit&quot;:&quot;px&quot;,&quot;size&quot;:&quot;&quot;,&quot;sizes&quot;:[]}}\" data-widget_type=\"nested-carousel.default\">\n\t\t\t\t<div class=\"elementor-widget-container\">\n\t\t\t\t\t\t\t<div class=\"e-n-carousel swiper\" role=\"region\" aria-roledescription=\"carousel\" aria-label=\"Carousel\" dir=\"ltr\">\n\t\t\t<div class=\"swiper-wrapper\" aria-live=\"off\">\n\t\t\t\t\t\t\t\t\t\t<div class=\"swiper-slide\" data-slide=\"1\" role=\"group\" aria-roledescription=\"slide\" aria-label=\"1 sur 4\">\n\t\t\t\t\t\t\t<div class=\"elementor-element elementor-element-1f148f1 e-flex e-con-boxed e-con e-child\" data-id=\"1f148f1\" data-element_type=\"container\" data-e-type=\"container\">\n\t\t\t\t\t<div class=\"e-con-inner\">\n\t\t\t\t<div class=\"elementor-element elementor-element-98e876c elementor-widget elementor-widget-image\" data-id=\"98e876c\" data-element_type=\"widget\" data-e-type=\"widget\" data-widget_type=\"image.default\">\n\t\t\t\t<div class=\"elementor-widget-container\">\n\t\t\t\t\t\t\t\t\t\t\t\t\t\t\t<img fetchpriority=\"high\" decoding=\"async\" width=\"800\" height=\"469\" src=\"https:\/\/decorauvent.ca\/wp-content\/uploads\/2026\/04\/39_STOBAG_P3600_001_1024x600px-1024x600.webp\" class=\"attachment-large size-large wp-image-1915\" alt=\"\" srcset=\"https:\/\/decorauvent.ca\/wp-content\/uploads\/2026\/04\/39_STOBAG_P3600_001_1024x600px-1024x600.webp 1024w, https:\/\/decorauvent.ca\/wp-content\/uploads\/2026\/04\/39_STOBAG_P3600_001_1024x600px-300x176.webp 300w, https:\/\/decorauvent.ca\/wp-content\/uploads\/2026\/04\/39_STOBAG_P3600_001_1024x600px-768x450.webp 768w, https:\/\/decorauvent.ca\/wp-content\/uploads\/2026\/04\/39_STOBAG_P3600_001_1024x600px-1536x900.webp 1536w, https:\/\/decorauvent.ca\/wp-content\/uploads\/2026\/04\/39_STOBAG_P3600_001_1024x600px-18x12.webp 18w, https:\/\/decorauvent.ca\/wp-content\/uploads\/2026\/04\/39_STOBAG_P3600_001_1024x600px.webp 1920w\" sizes=\"(max-width: 800px) 100vw, 800px\" \/>\t\t\t\t\t\t\t\t\t\t\t\t\t\t\t<\/div>\n\t\t\t\t<\/div>\n\t\t\t\t\t<\/div>\n\t\t\t\t<\/div>\n\t\t\t\t\t\t\t\t<\/div>\n\t\t\t\t\t\t\t\t\t\t\t<div class=\"swiper-slide\" data-slide=\"2\" role=\"group\" aria-roledescription=\"slide\" aria-label=\"2 sur 4\">\n\t\t\t\t\t\t\t<div class=\"elementor-element elementor-element-37e4056 e-flex e-con-boxed e-con e-child\" data-id=\"37e4056\" data-element_type=\"container\" data-e-type=\"container\">\n\t\t\t\t\t<div class=\"e-con-inner\">\n\t\t\t\t<div class=\"elementor-element elementor-element-5f44ffe elementor-widget elementor-widget-image\" data-id=\"5f44ffe\" data-element_type=\"widget\" data-e-type=\"widget\" data-widget_type=\"image.default\">\n\t\t\t\t<div class=\"elementor-widget-container\">\n\t\t\t\t\t\t\t\t\t\t\t\t\t\t\t<img decoding=\"async\" width=\"768\" height=\"512\" src=\"https:\/\/decorauvent.ca\/wp-content\/uploads\/2024\/11\/acordeon3.webp\" class=\"attachment-large size-large wp-image-901\" alt=\"\" srcset=\"https:\/\/decorauvent.ca\/wp-content\/uploads\/2024\/11\/acordeon3.webp 768w, https:\/\/decorauvent.ca\/wp-content\/uploads\/2024\/11\/acordeon3-300x200.webp 300w, https:\/\/decorauvent.ca\/wp-content\/uploads\/2024\/11\/acordeon3-18x12.webp 18w\" sizes=\"(max-width: 768px) 100vw, 768px\" \/>\t\t\t\t\t\t\t\t\t\t\t\t\t\t\t<\/div>\n\t\t\t\t<\/div>\n\t\t\t\t\t<\/div>\n\t\t\t\t<\/div>\n\t\t\t\t\t\t\t\t<\/div>\n\t\t\t\t\t\t\t\t\t\t\t<div class=\"swiper-slide\" data-slide=\"3\" role=\"group\" aria-roledescription=\"slide\" aria-label=\"3 sur 4\">\n\t\t\t\t\t\t\t<div class=\"elementor-element elementor-element-40c1845 e-flex e-con-boxed e-con e-child\" data-id=\"40c1845\" data-element_type=\"container\" data-e-type=\"container\">\n\t\t\t\t\t<div class=\"e-con-inner\">\n\t\t\t\t<div class=\"elementor-element elementor-element-998f8d0 elementor-widget elementor-widget-image\" data-id=\"998f8d0\" data-element_type=\"widget\" data-e-type=\"widget\" data-widget_type=\"image.default\">\n\t\t\t\t<div class=\"elementor-widget-container\">\n\t\t\t\t\t\t\t\t\t\t\t\t\t\t\t<img decoding=\"async\" width=\"800\" height=\"640\" src=\"https:\/\/decorauvent.ca\/wp-content\/uploads\/2024\/11\/pergola3-1024x819.webp\" class=\"attachment-large size-large wp-image-902\" alt=\"\" srcset=\"https:\/\/decorauvent.ca\/wp-content\/uploads\/2024\/11\/pergola3-1024x819.webp 1024w, https:\/\/decorauvent.ca\/wp-content\/uploads\/2024\/11\/pergola3-300x240.webp 300w, https:\/\/decorauvent.ca\/wp-content\/uploads\/2024\/11\/pergola3-768x614.webp 768w, https:\/\/decorauvent.ca\/wp-content\/uploads\/2024\/11\/pergola3-1536x1229.webp 1536w, https:\/\/decorauvent.ca\/wp-content\/uploads\/2024\/11\/pergola3-15x12.webp 15w, https:\/\/decorauvent.ca\/wp-content\/uploads\/2024\/11\/pergola3.webp 1920w\" sizes=\"(max-width: 800px) 100vw, 800px\" \/>\t\t\t\t\t\t\t\t\t\t\t\t\t\t\t<\/div>\n\t\t\t\t<\/div>\n\t\t\t\t\t<\/div>\n\t\t\t\t<\/div>\n\t\t\t\t\t\t\t\t<\/div>\n\t\t\t\t\t\t\t\t\t\t\t<div class=\"swiper-slide\" data-slide=\"4\" role=\"group\" aria-roledescription=\"slide\" aria-label=\"4 sur 4\">\n\t\t\t\t\t\t\t<div class=\"elementor-element elementor-element-ab0d10e e-flex e-con-boxed e-con e-child\" data-id=\"ab0d10e\" data-element_type=\"container\" data-e-type=\"container\">\n\t\t\t\t\t<div class=\"e-con-inner\">\n\t\t\t\t<div class=\"elementor-element elementor-element-34e64a0 elementor-widget elementor-widget-image\" data-id=\"34e64a0\" data-element_type=\"widget\" data-e-type=\"widget\" data-widget_type=\"image.default\">\n\t\t\t\t<div class=\"elementor-widget-container\">\n\t\t\t\t\t\t\t\t\t\t\t\t\t\t\t<img loading=\"lazy\" decoding=\"async\" width=\"683\" height=\"1024\" src=\"https:\/\/decorauvent.ca\/wp-content\/uploads\/2024\/11\/acordeon2-1-683x1024.webp\" class=\"attachment-large size-large wp-image-903\" alt=\"\" srcset=\"https:\/\/decorauvent.ca\/wp-content\/uploads\/2024\/11\/acordeon2-1-683x1024.webp 683w, https:\/\/decorauvent.ca\/wp-content\/uploads\/2024\/11\/acordeon2-1-200x300.webp 200w, https:\/\/decorauvent.ca\/wp-content\/uploads\/2024\/11\/acordeon2-1-8x12.webp 8w, https:\/\/decorauvent.ca\/wp-content\/uploads\/2024\/11\/acordeon2-1.webp 768w\" sizes=\"(max-width: 683px) 100vw, 683px\" \/>\t\t\t\t\t\t\t\t\t\t\t\t\t\t\t<\/div>\n\t\t\t\t<\/div>\n\t\t\t\t\t<\/div>\n\t\t\t\t<\/div>\n\t\t\t\t\t\t\t\t<\/div>\n\t\t\t\t\t\t\t\t<\/div>\n\t\t<\/div>\n\t\t\t\t\t<div class=\"swiper-pagination\"><\/div>\n\t\t\t\t\t\t<\/div>\n\t\t\t\t<\/div>\n\t\t\t\t\t<\/div>\n\t\t\t\t<\/div>\n\t\t\t\t\t<\/div>\n\t\t\t\t<\/div>\n\t\t<div class=\"elementor-element elementor-element-e9fc8d2 e-flex e-con-boxed e-con e-parent\" data-id=\"e9fc8d2\" data-element_type=\"container\" data-e-type=\"container\">\n\t\t\t\t\t<div class=\"e-con-inner\">\n\t\t<div class=\"elementor-element elementor-element-3817a64 e-con-full e-flex e-con e-child\" data-id=\"3817a64\" data-element_type=\"container\" data-e-type=\"container\">\n\t\t\t\t<div class=\"elementor-element elementor-element-d5bf13e elementor-widget elementor-widget-heading\" data-id=\"d5bf13e\" data-element_type=\"widget\" data-e-type=\"widget\" data-widget_type=\"heading.default\">\n\t\t\t\t<div class=\"elementor-widget-container\">\n\t\t\t\t\t<h2 class=\"elementor-heading-title elementor-size-default\">Quels sont les avantages?\n<\/h2>\t\t\t\t<\/div>\n\t\t\t\t<\/div>\n\t\t\t\t<div class=\"elementor-element elementor-element-2455864 elementor-widget elementor-widget-text-editor\" data-id=\"2455864\" data-element_type=\"widget\" data-e-type=\"widget\" data-widget_type=\"text-editor.default\">\n\t\t\t\t<div class=\"elementor-widget-container\">\n\t\t\t\t\t\t\t\t\t<div class=\"column is-12\"><div class=\"column is-12\"><p class=\"block\">Flexible et \u00e9volutive, on peut ouvrir et fermer la pergola selon les besoins et l\u2019ombrage souhait\u00e9, <span style=\"font-weight: 400;\">\u00e0 l\u2019image du toit ouvrant de certains mod\u00e8les de voitures. Id\u00e9ale les jours de pluie comme par beau temps, des rideaux, des moustiquaires et d\u2019autres accessoires peuvent y \u00eatre fix\u00e9s.<\/span>\u00a0Ce syst\u00e8me est disponible en mode manuel ou motoris\u00e9. Contrairement \u00e0 une pergola en bois, la structure ne n\u00e9cessite aucun entretien.<\/p><\/div><\/div>\t\t\t\t\t\t\t\t<\/div>\n\t\t\t\t<\/div>\n\t\t\t\t<\/div>\n\t\t\t\t\t<\/div>\n\t\t\t\t<\/div>\n\t\t\t\t<\/div>\n\t\t","protected":false},"excerpt":{"rendered":"<p>Pergolas accord\u00e9ons en toile Id\u00e9ale pour les jours de pluie comme pour le beau temps la pergola accord\u00e9on en toile vous permettra de profiter de la belle saison au maximum! Qu\u2019est-ce qu\u2019une pergola accord\u00e9on en toile? Il s\u2019agit d\u2019un auvent dont la structure en aluminium est permanente, avec une toile qui peut se r\u00e9tracter sur [&hellip;]<\/p>\n","protected":false},"author":2,"featured_media":0,"parent":0,"menu_order":0,"comment_status":"closed","ping_status":"closed","template":"elementor_header_footer","meta":{"_coblocks_attr":"","_coblocks_dimensions":"","_coblocks_responsive_height":"","_coblocks_accordion_ie_support":"","footnotes":""},"class_list":["post-898","page","type-page","status-publish","hentry"],"yoast_head":"<!-- This site is optimized with the Yoast SEO plugin v27.5 - https:\/\/yoast.com\/product\/yoast-seo-wordpress\/ -->\n<title>Pergolas accord\u00e9on en toile - D\u00e9cor Au Vent<\/title>\n<meta name=\"robots\" content=\"index, follow, max-snippet:-1, max-image-preview:large, max-video-preview:-1\" \/>\n<link rel=\"canonical\" href=\"https:\/\/decorauvent.ca\/en\/pergolas-accordeon-en-toile\/\" \/>\n<meta property=\"og:locale\" content=\"en_US\" \/>\n<meta property=\"og:type\" content=\"article\" \/>\n<meta property=\"og:title\" content=\"Pergolas accord\u00e9on en toile - D\u00e9cor Au Vent\" \/>\n<meta property=\"og:description\" content=\"Pergolas accord\u00e9ons en toile Id\u00e9ale pour les jours de pluie comme pour le beau temps la pergola accord\u00e9on en toile vous permettra de profiter de la belle saison au maximum! Qu\u2019est-ce qu\u2019une pergola accord\u00e9on en toile? Il s\u2019agit d\u2019un auvent dont la structure en aluminium est permanente, avec une toile qui peut se r\u00e9tracter sur [&hellip;]\" \/>\n<meta property=\"og:url\" content=\"https:\/\/decorauvent.ca\/en\/pergolas-accordeon-en-toile\/\" \/>\n<meta property=\"og:site_name\" content=\"D\u00e9cor Au Vent\" \/>\n<meta property=\"article:modified_time\" content=\"2026-04-14T15:20:06+00:00\" \/>\n<meta property=\"og:image\" content=\"https:\/\/decorauvent.ca\/wp-content\/uploads\/2026\/04\/39_STOBAG_P3600_001_1024x600px.webp\" \/>\n\t<meta property=\"og:image:width\" content=\"1920\" \/>\n\t<meta property=\"og:image:height\" content=\"1125\" \/>\n\t<meta property=\"og:image:type\" content=\"image\/webp\" \/>\n<meta name=\"twitter:card\" content=\"summary_large_image\" \/>\n<meta name=\"twitter:label1\" content=\"Est. reading time\" \/>\n\t<meta name=\"twitter:data1\" content=\"3 minutes\" \/>\n<script type=\"application\/ld+json\" class=\"yoast-schema-graph\">{\"@context\":\"https:\\\/\\\/schema.org\",\"@graph\":[{\"@type\":\"WebPage\",\"@id\":\"https:\\\/\\\/decorauvent.ca\\\/pergolas-accordeon-en-toile\\\/\",\"url\":\"https:\\\/\\\/decorauvent.ca\\\/pergolas-accordeon-en-toile\\\/\",\"name\":\"Pergolas accord\u00e9on en toile - D\u00e9cor Au Vent\",\"isPartOf\":{\"@id\":\"https:\\\/\\\/decorauvent.ca\\\/#website\"},\"primaryImageOfPage\":{\"@id\":\"https:\\\/\\\/decorauvent.ca\\\/pergolas-accordeon-en-toile\\\/#primaryimage\"},\"image\":{\"@id\":\"https:\\\/\\\/decorauvent.ca\\\/pergolas-accordeon-en-toile\\\/#primaryimage\"},\"thumbnailUrl\":\"https:\\\/\\\/decorauvent.ca\\\/wp-content\\\/uploads\\\/2026\\\/04\\\/39_STOBAG_P3600_001_1024x600px-1024x600.webp\",\"datePublished\":\"2024-11-13T15:04:43+00:00\",\"dateModified\":\"2026-04-14T15:20:06+00:00\",\"breadcrumb\":{\"@id\":\"https:\\\/\\\/decorauvent.ca\\\/pergolas-accordeon-en-toile\\\/#breadcrumb\"},\"inLanguage\":\"en-US\",\"potentialAction\":[{\"@type\":\"ReadAction\",\"target\":[\"https:\\\/\\\/decorauvent.ca\\\/pergolas-accordeon-en-toile\\\/\"]}]},{\"@type\":\"ImageObject\",\"inLanguage\":\"en-US\",\"@id\":\"https:\\\/\\\/decorauvent.ca\\\/pergolas-accordeon-en-toile\\\/#primaryimage\",\"url\":\"https:\\\/\\\/decorauvent.ca\\\/wp-content\\\/uploads\\\/2026\\\/04\\\/39_STOBAG_P3600_001_1024x600px-1024x600.webp\",\"contentUrl\":\"https:\\\/\\\/decorauvent.ca\\\/wp-content\\\/uploads\\\/2026\\\/04\\\/39_STOBAG_P3600_001_1024x600px-1024x600.webp\"},{\"@type\":\"BreadcrumbList\",\"@id\":\"https:\\\/\\\/decorauvent.ca\\\/pergolas-accordeon-en-toile\\\/#breadcrumb\",\"itemListElement\":[{\"@type\":\"ListItem\",\"position\":1,\"name\":\"Portada\",\"item\":\"https:\\\/\\\/decorauvent.ca\\\/\"},{\"@type\":\"ListItem\",\"position\":2,\"name\":\"Pergolas accord\u00e9on en toile\"}]},{\"@type\":\"WebSite\",\"@id\":\"https:\\\/\\\/decorauvent.ca\\\/#website\",\"url\":\"https:\\\/\\\/decorauvent.ca\\\/\",\"name\":\"D\u00e9cor Au Vent\",\"description\":\"Le sp\u00e9cialiste des auvents sur mesure au Qu\u00e9bec\",\"publisher\":{\"@id\":\"https:\\\/\\\/decorauvent.ca\\\/#organization\"},\"potentialAction\":[{\"@type\":\"SearchAction\",\"target\":{\"@type\":\"EntryPoint\",\"urlTemplate\":\"https:\\\/\\\/decorauvent.ca\\\/?s={search_term_string}\"},\"query-input\":{\"@type\":\"PropertyValueSpecification\",\"valueRequired\":true,\"valueName\":\"search_term_string\"}}],\"inLanguage\":\"en-US\"},{\"@type\":\"Organization\",\"@id\":\"https:\\\/\\\/decorauvent.ca\\\/#organization\",\"name\":\"D\u00e9cor Au Vent\",\"url\":\"https:\\\/\\\/decorauvent.ca\\\/\",\"logo\":{\"@type\":\"ImageObject\",\"inLanguage\":\"en-US\",\"@id\":\"https:\\\/\\\/decorauvent.ca\\\/#\\\/schema\\\/logo\\\/image\\\/\",\"url\":\"\",\"contentUrl\":\"\",\"caption\":\"D\u00e9cor Au Vent\"},\"image\":{\"@id\":\"https:\\\/\\\/decorauvent.ca\\\/#\\\/schema\\\/logo\\\/image\\\/\"}}]}<\/script>\n<!-- \/ Yoast SEO plugin. -->","yoast_head_json":{"title":"Pergolas accord\u00e9on en toile - D\u00e9cor Au Vent","robots":{"index":"index","follow":"follow","max-snippet":"max-snippet:-1","max-image-preview":"max-image-preview:large","max-video-preview":"max-video-preview:-1"},"canonical":"https:\/\/decorauvent.ca\/en\/pergolas-accordeon-en-toile\/","og_locale":"en_US","og_type":"article","og_title":"Pergolas accord\u00e9on en toile - D\u00e9cor Au Vent","og_description":"Pergolas accord\u00e9ons en toile Id\u00e9ale pour les jours de pluie comme pour le beau temps la pergola accord\u00e9on en toile vous permettra de profiter de la belle saison au maximum! Qu\u2019est-ce qu\u2019une pergola accord\u00e9on en toile? Il s\u2019agit d\u2019un auvent dont la structure en aluminium est permanente, avec une toile qui peut se r\u00e9tracter sur [&hellip;]","og_url":"https:\/\/decorauvent.ca\/en\/pergolas-accordeon-en-toile\/","og_site_name":"D\u00e9cor Au Vent","article_modified_time":"2026-04-14T15:20:06+00:00","og_image":[{"width":1920,"height":1125,"url":"https:\/\/decorauvent.ca\/wp-content\/uploads\/2026\/04\/39_STOBAG_P3600_001_1024x600px.webp","type":"image\/webp"}],"twitter_card":"summary_large_image","twitter_misc":{"Est. reading time":"3 minutes"},"schema":{"@context":"https:\/\/schema.org","@graph":[{"@type":"WebPage","@id":"https:\/\/decorauvent.ca\/pergolas-accordeon-en-toile\/","url":"https:\/\/decorauvent.ca\/pergolas-accordeon-en-toile\/","name":"Pergolas accord\u00e9on en toile - D\u00e9cor Au Vent","isPartOf":{"@id":"https:\/\/decorauvent.ca\/#website"},"primaryImageOfPage":{"@id":"https:\/\/decorauvent.ca\/pergolas-accordeon-en-toile\/#primaryimage"},"image":{"@id":"https:\/\/decorauvent.ca\/pergolas-accordeon-en-toile\/#primaryimage"},"thumbnailUrl":"https:\/\/decorauvent.ca\/wp-content\/uploads\/2026\/04\/39_STOBAG_P3600_001_1024x600px-1024x600.webp","datePublished":"2024-11-13T15:04:43+00:00","dateModified":"2026-04-14T15:20:06+00:00","breadcrumb":{"@id":"https:\/\/decorauvent.ca\/pergolas-accordeon-en-toile\/#breadcrumb"},"inLanguage":"en-US","potentialAction":[{"@type":"ReadAction","target":["https:\/\/decorauvent.ca\/pergolas-accordeon-en-toile\/"]}]},{"@type":"ImageObject","inLanguage":"en-US","@id":"https:\/\/decorauvent.ca\/pergolas-accordeon-en-toile\/#primaryimage","url":"https:\/\/decorauvent.ca\/wp-content\/uploads\/2026\/04\/39_STOBAG_P3600_001_1024x600px-1024x600.webp","contentUrl":"https:\/\/decorauvent.ca\/wp-content\/uploads\/2026\/04\/39_STOBAG_P3600_001_1024x600px-1024x600.webp"},{"@type":"BreadcrumbList","@id":"https:\/\/decorauvent.ca\/pergolas-accordeon-en-toile\/#breadcrumb","itemListElement":[{"@type":"ListItem","position":1,"name":"Portada","item":"https:\/\/decorauvent.ca\/"},{"@type":"ListItem","position":2,"name":"Pergolas accord\u00e9on en toile"}]},{"@type":"WebSite","@id":"https:\/\/decorauvent.ca\/#website","url":"https:\/\/decorauvent.ca\/","name":"D\u00e9cor Au Vent","description":"The Specialist in Custom Awnings in Quebec","publisher":{"@id":"https:\/\/decorauvent.ca\/#organization"},"potentialAction":[{"@type":"SearchAction","target":{"@type":"EntryPoint","urlTemplate":"https:\/\/decorauvent.ca\/?s={search_term_string}"},"query-input":{"@type":"PropertyValueSpecification","valueRequired":true,"valueName":"search_term_string"}}],"inLanguage":"en-US"},{"@type":"Organization","@id":"https:\/\/decorauvent.ca\/#organization","name":"D\u00e9cor Au Vent","url":"https:\/\/decorauvent.ca\/","logo":{"@type":"ImageObject","inLanguage":"en-US","@id":"https:\/\/decorauvent.ca\/#\/schema\/logo\/image\/","url":"","contentUrl":"","caption":"D\u00e9cor Au Vent"},"image":{"@id":"https:\/\/decorauvent.ca\/#\/schema\/logo\/image\/"}}]}},"_links":{"self":[{"href":"https:\/\/decorauvent.ca\/en\/wp-json\/wp\/v2\/pages\/898","targetHints":{"allow":["GET"]}}],"collection":[{"href":"https:\/\/decorauvent.ca\/en\/wp-json\/wp\/v2\/pages"}],"about":[{"href":"https:\/\/decorauvent.ca\/en\/wp-json\/wp\/v2\/types\/page"}],"author":[{"embeddable":true,"href":"https:\/\/decorauvent.ca\/en\/wp-json\/wp\/v2\/users\/2"}],"replies":[{"embeddable":true,"href":"https:\/\/decorauvent.ca\/en\/wp-json\/wp\/v2\/comments?post=898"}],"version-history":[{"count":19,"href":"https:\/\/decorauvent.ca\/en\/wp-json\/wp\/v2\/pages\/898\/revisions"}],"predecessor-version":[{"id":1921,"href":"https:\/\/decorauvent.ca\/en\/wp-json\/wp\/v2\/pages\/898\/revisions\/1921"}],"wp:attachment":[{"href":"https:\/\/decorauvent.ca\/en\/wp-json\/wp\/v2\/media?parent=898"}],"curies":[{"name":"wp","href":"https:\/\/api.w.org\/{rel}","templated":true}]}}