{"id":466,"date":"2024-11-07T17:46:54","date_gmt":"2024-11-07T17:46:54","guid":{"rendered":"https:\/\/decorauvent.ca\/?page_id=466"},"modified":"2024-12-13T13:20:13","modified_gmt":"2024-12-13T13:20:13","slug":"a-propos","status":"publish","type":"page","link":"https:\/\/decorauvent.ca\/en\/a-propos\/","title":{"rendered":"About us"},"content":{"rendered":"<div data-elementor-type=\"wp-page\" data-elementor-id=\"466\" class=\"elementor elementor-466\" data-elementor-post-type=\"page\">\n\t\t\t\t<div class=\"elementor-element elementor-element-2ffab14 e-con-full e-flex elementor-invisible e-con e-parent\" data-id=\"2ffab14\" data-element_type=\"container\" data-e-type=\"container\" data-settings=\"{&quot;animation&quot;:&quot;fadeIn&quot;}\">\n\t\t<div class=\"elementor-element elementor-element-002e23d e-con-full e-flex e-con e-child\" data-id=\"002e23d\" data-element_type=\"container\" data-e-type=\"container\" data-settings=\"{&quot;background_background&quot;:&quot;classic&quot;}\">\n\t\t\t\t<div class=\"elementor-element elementor-element-6ea8448 elementor-widget elementor-widget-heading\" data-id=\"6ea8448\" data-element_type=\"widget\" data-e-type=\"widget\" data-widget_type=\"heading.default\">\n\t\t\t\t<div class=\"elementor-widget-container\">\n\t\t\t\t\t<h2 class=\"elementor-heading-title elementor-size-default\">\nAbout us<\/h2>\t\t\t\t<\/div>\n\t\t\t\t<\/div>\n\t\t\t\t<div class=\"elementor-element elementor-element-cf4ec97 elementor-widget elementor-widget-text-editor\" data-id=\"cf4ec97\" data-element_type=\"widget\" data-e-type=\"widget\" data-widget_type=\"text-editor.default\">\n\t\t\t\t<div class=\"elementor-widget-container\">\n\t\t\t\t\t\t\t\t\t<p><span style=\"font-weight: 400;\">Over the years, we have gained recognition for our outstanding innovation, creativity, technological know-how, product quality, workmanship and customer service.<\/span><\/p>\t\t\t\t\t\t\t\t<\/div>\n\t\t\t\t<\/div>\n\t\t\t\t<\/div>\n\t\t<div class=\"elementor-element elementor-element-eeed1d8 e-con-full e-flex e-con e-child\" data-id=\"eeed1d8\" data-element_type=\"container\" data-e-type=\"container\" data-settings=\"{&quot;background_background&quot;:&quot;classic&quot;}\">\n\t\t\t\t<\/div>\n\t\t\t\t<\/div>\n\t\t<div class=\"elementor-element elementor-element-60aa166 e-con-full e-flex e-con e-parent\" data-id=\"60aa166\" data-element_type=\"container\" data-e-type=\"container\">\n\t\t<div class=\"elementor-element elementor-element-018b64f e-con-full e-flex e-con e-child\" data-id=\"018b64f\" data-element_type=\"container\" data-e-type=\"container\">\n\t\t\t\t<div class=\"elementor-element elementor-element-f5edc92 elementor-invisible elementor-widget elementor-widget-image\" data-id=\"f5edc92\" data-element_type=\"widget\" data-e-type=\"widget\" data-settings=\"{&quot;_animation&quot;:&quot;fadeInLeft&quot;}\" data-widget_type=\"image.default\">\n\t\t\t\t<div class=\"elementor-widget-container\">\n\t\t\t\t\t\t\t\t\t\t\t\t\t\t\t<img fetchpriority=\"high\" decoding=\"async\" width=\"800\" height=\"800\" src=\"https:\/\/decorauvent.ca\/wp-content\/uploads\/2024\/11\/30e.png\" class=\"attachment-large size-large wp-image-398\" alt=\"\" srcset=\"https:\/\/decorauvent.ca\/wp-content\/uploads\/2024\/11\/30e.png 800w, https:\/\/decorauvent.ca\/wp-content\/uploads\/2024\/11\/30e-300x300.png 300w, https:\/\/decorauvent.ca\/wp-content\/uploads\/2024\/11\/30e-150x150.png 150w, https:\/\/decorauvent.ca\/wp-content\/uploads\/2024\/11\/30e-768x768.png 768w, https:\/\/decorauvent.ca\/wp-content\/uploads\/2024\/11\/30e-12x12.png 12w\" sizes=\"(max-width: 800px) 100vw, 800px\" \/>\t\t\t\t\t\t\t\t\t\t\t\t\t\t\t<\/div>\n\t\t\t\t<\/div>\n\t\t\t\t<\/div>\n\t\t<div class=\"elementor-element elementor-element-afb4022 e-con-full e-flex e-con e-child\" data-id=\"afb4022\" data-element_type=\"container\" data-e-type=\"container\">\n\t\t\t\t<div class=\"elementor-element elementor-element-a98d18d elementor-invisible elementor-widget elementor-widget-text-editor\" data-id=\"a98d18d\" data-element_type=\"widget\" data-e-type=\"widget\" data-settings=\"{&quot;_animation&quot;:&quot;fadeInDown&quot;}\" data-widget_type=\"text-editor.default\">\n\t\t\t\t<div class=\"elementor-widget-container\">\n\t\t\t\t\t\t\t\t\t<p class=\"title is-2\">Our story<\/p>\t\t\t\t\t\t\t\t<\/div>\n\t\t\t\t<\/div>\n\t\t\t\t<div class=\"elementor-element elementor-element-ac8708b elementor-invisible elementor-widget elementor-widget-text-editor\" data-id=\"ac8708b\" data-element_type=\"widget\" data-e-type=\"widget\" data-settings=\"{&quot;_animation&quot;:&quot;fadeInRight&quot;}\" data-widget_type=\"text-editor.default\">\n\t\t\t\t<div class=\"elementor-widget-container\">\n\t\t\t\t\t\t\t\t\t<p>Since its founding in 1993, D\u00e9cor Au Vent has grown and evolved to become an industry leader in the manufacturing, design, and installation of awnings, pergolas, curtains, and screens around the Montreal area. With notable experience in the residential, industrial, and commercial sectors, the company has been recognized for its innovation, creativity, and commitment to the quality of its products and services.<\/p><p class=\"block\">As of 2024, D\u00e9cor Au Vent is pleased to introduce its new management team, hence marking the beginning of a new era <span style=\"font-weight: 400;\">. Each member of the team is perfectly aligned with the company's values and standards<\/span>. Customer contact, follow-up, and dedication to customer satisfaction, along with a commitment to continuous improvement, are the fundamental pillars of our business.<\/p><p class=\"block\">D\u00e9cor au Vent is a local company that proudly engages with its customers, understands their needs and tastes, and recognizes the importance of creating, manufacturing and installing a wide range of custom-made, European-quality products that will enhance a multitude of terraces, patios and gardens.<\/p>\t\t\t\t\t\t\t\t<\/div>\n\t\t\t\t<\/div>\n\t\t\t\t<\/div>\n\t\t\t\t<\/div>\n\t\t<div class=\"elementor-element elementor-element-b711e7d e-con-full e-flex e-con e-parent\" data-id=\"b711e7d\" data-element_type=\"container\" data-e-type=\"container\">\n\t\t<div class=\"elementor-element elementor-element-354580c e-con-full e-flex elementor-invisible e-con e-child\" data-id=\"354580c\" data-element_type=\"container\" data-e-type=\"container\" data-settings=\"{&quot;background_background&quot;:&quot;classic&quot;,&quot;animation&quot;:&quot;fadeInLeft&quot;}\">\n\t\t\t\t<div class=\"elementor-element elementor-element-1737454 elementor-widget elementor-widget-text-editor\" data-id=\"1737454\" data-element_type=\"widget\" data-e-type=\"widget\" data-widget_type=\"text-editor.default\">\n\t\t\t\t<div class=\"elementor-widget-container\">\n\t\t\t\t\t\t\t\t\t<p class=\"title is-2\">Our Strengths<\/p>\t\t\t\t\t\t\t\t<\/div>\n\t\t\t\t<\/div>\n\t\t\t\t<div class=\"elementor-element elementor-element-7b755c9 elementor-widget elementor-widget-text-editor\" data-id=\"7b755c9\" data-element_type=\"widget\" data-e-type=\"widget\" data-widget_type=\"text-editor.default\">\n\t\t\t\t<div class=\"elementor-widget-container\">\n\t\t\t\t\t\t\t\t\t<p class=\"block is-size-4\">Discover why so many Quebecers have chosen D\u00e9cor Au Vent for their projects<\/p>\t\t\t\t\t\t\t\t<\/div>\n\t\t\t\t<\/div>\n\t\t\t\t<\/div>\n\t\t<div class=\"elementor-element elementor-element-8807e98 e-con-full e-flex e-con e-child\" data-id=\"8807e98\" data-element_type=\"container\" data-e-type=\"container\">\n\t\t\t\t<div class=\"elementor-element elementor-element-ad6b907 elementor-invisible elementor-widget elementor-widget-text-editor\" data-id=\"ad6b907\" data-element_type=\"widget\" data-e-type=\"widget\" data-settings=\"{&quot;_animation&quot;:&quot;fadeInRight&quot;}\" data-widget_type=\"text-editor.default\">\n\t\t\t\t<div class=\"elementor-widget-container\">\n\t\t\t\t\t\t\t\t\t<p class=\"title is-2\">Customized Service<\/p>\t\t\t\t\t\t\t\t<\/div>\n\t\t\t\t<\/div>\n\t\t\t\t<div class=\"elementor-element elementor-element-941c3a5 elementor-invisible elementor-widget elementor-widget-text-editor\" data-id=\"941c3a5\" data-element_type=\"widget\" data-e-type=\"widget\" data-settings=\"{&quot;_animation&quot;:&quot;fadeInRight&quot;,&quot;_animation_mobile&quot;:&quot;fadeInRight&quot;}\" data-widget_type=\"text-editor.default\">\n\t\t\t\t<div class=\"elementor-widget-container\">\n\t\t\t\t\t\t\t\t\t<ul><li><span style=\"font-weight: 400;\">On-site measurements for superior fit.<\/span>.<\/li><li><span style=\"font-weight: 400;\">A designer is always available to visit your home to assist you in selecting models and colors.<\/span><\/li><li>In-house team of specialized technicians.<\/li><li>Computerized graphic design and digital imaging services are available upon request (drawings, lettering, etc.).<\/li><li>Our awnings are designed to blend seamlessly with your d\u00e9cor.<\/li><\/ul>\t\t\t\t\t\t\t\t<\/div>\n\t\t\t\t<\/div>\n\t\t\t\t<div class=\"elementor-element elementor-element-a3aeeb5 elementor-invisible elementor-widget elementor-widget-text-editor\" data-id=\"a3aeeb5\" data-element_type=\"widget\" data-e-type=\"widget\" data-settings=\"{&quot;_animation&quot;:&quot;fadeInRight&quot;}\" data-widget_type=\"text-editor.default\">\n\t\t\t\t<div class=\"elementor-widget-container\">\n\t\t\t\t\t\t\t\t\t<p class=\"title is-2\">The Best Technology<\/p>\t\t\t\t\t\t\t\t<\/div>\n\t\t\t\t<\/div>\n\t\t\t\t<div class=\"elementor-element elementor-element-f2757ac elementor-invisible elementor-widget elementor-widget-text-editor\" data-id=\"f2757ac\" data-element_type=\"widget\" data-e-type=\"widget\" data-settings=\"{&quot;_animation&quot;:&quot;fadeInRight&quot;,&quot;_animation_mobile&quot;:&quot;fadeInRight&quot;}\" data-widget_type=\"text-editor.default\">\n\t\t\t\t<div class=\"elementor-widget-container\">\n\t\t\t\t\t\t\t\t\t<ul><li>Computerized canopy design for exceptional accuracy.<\/li><li>Our specialty: custom designs with multiple angles!<\/li><li><span style=\"font-weight: 400;\">We use an exclusive concept for uniform mechanical tension of the fabric on the aluminum frame, ensuring solid durability.<\/span><\/li><li><span style=\"font-weight: 400;\">Precise measurements with advanced digital technology.<\/span><\/li><\/ul>\t\t\t\t\t\t\t\t<\/div>\n\t\t\t\t<\/div>\n\t\t\t\t<div class=\"elementor-element elementor-element-dd2f440 elementor-invisible elementor-widget elementor-widget-text-editor\" data-id=\"dd2f440\" data-element_type=\"widget\" data-e-type=\"widget\" data-settings=\"{&quot;_animation&quot;:&quot;fadeInRight&quot;}\" data-widget_type=\"text-editor.default\">\n\t\t\t\t<div class=\"elementor-widget-container\">\n\t\t\t\t\t\t\t\t\t<p class=\"title is-2\">The Best Quality:<\/p>\t\t\t\t\t\t\t\t<\/div>\n\t\t\t\t<\/div>\n\t\t\t\t<div class=\"elementor-element elementor-element-f20b38c elementor-invisible elementor-widget elementor-widget-text-editor\" data-id=\"f20b38c\" data-element_type=\"widget\" data-e-type=\"widget\" data-settings=\"{&quot;_animation&quot;:&quot;fadeInRight&quot;,&quot;_animation_mobile&quot;:&quot;fadeInRight&quot;}\" data-widget_type=\"text-editor.default\">\n\t\t\t\t<div class=\"elementor-widget-container\">\n\t\t\t\t\t\t\t\t\t<ul><li>Custom manufacturing in our workshop.<\/li><li>Use of the finest materials available on the market.<\/li><\/ul>\t\t\t\t\t\t\t\t<\/div>\n\t\t\t\t<\/div>\n\t\t\t\t<div class=\"elementor-element elementor-element-bf30025 elementor-invisible elementor-widget elementor-widget-text-editor\" data-id=\"bf30025\" data-element_type=\"widget\" data-e-type=\"widget\" data-settings=\"{&quot;_animation&quot;:&quot;fadeInRight&quot;}\" data-widget_type=\"text-editor.default\">\n\t\t\t\t<div class=\"elementor-widget-container\">\n\t\t\t\t\t\t\t\t\t<p class=\"title is-2\">After Sales Service<\/p>\t\t\t\t\t\t\t\t<\/div>\n\t\t\t\t<\/div>\n\t\t\t\t<div class=\"elementor-element elementor-element-494d8e7 elementor-invisible elementor-widget elementor-widget-text-editor\" data-id=\"494d8e7\" data-element_type=\"widget\" data-e-type=\"widget\" data-settings=\"{&quot;_animation&quot;:&quot;fadeInRight&quot;,&quot;_animation_mobile&quot;:&quot;fadeInRight&quot;}\" data-widget_type=\"text-editor.default\">\n\t\t\t\t<div class=\"elementor-widget-container\">\n\t\t\t\t\t\t\t\t\t<ul><li>One of the few companies offering reliable and effective after-sales service.<\/li><li><span style=\"font-weight: 400;\">A business large enough to handle all your projects yet small enough to provide personalized service.<\/span><\/li><li>Family-owned with a strong succession plan to ensure continuous support for our customers.<\/li><\/ul>\t\t\t\t\t\t\t\t<\/div>\n\t\t\t\t<\/div>\n\t\t\t\t<\/div>\n\t\t\t\t<\/div>\n\t\t\t\t<\/div>","protected":false},"excerpt":{"rendered":"<p>\u00c0 propos Au fil des ann\u00e9es, l\u2019\u00e9quipe de D\u00e9cor Au Vent a construit une r\u00e9putation solide gr\u00e2ce \u00e0 son innovation remarquable, sa cr\u00e9ativit\u00e9, son savoir-faire technologique, la qualit\u00e9 des produits qu\u2019elle offre, sa main-d\u2019oeuvre engag\u00e9e, et son service \u00e0 la client\u00e8le attentionn\u00e9. Notre histoire Depuis sa fondation en 1993, D\u00e9cor Au Vent a grandi et [&hellip;]<\/p>\n","protected":false},"author":2,"featured_media":0,"parent":0,"menu_order":0,"comment_status":"closed","ping_status":"closed","template":"elementor_header_footer","meta":{"_coblocks_attr":"","_coblocks_dimensions":"","_coblocks_responsive_height":"","_coblocks_accordion_ie_support":"","footnotes":""},"class_list":["post-466","page","type-page","status-publish","hentry"],"yoast_head":"<!-- This site is optimized with the Yoast SEO plugin v27.5 - https:\/\/yoast.com\/product\/yoast-seo-wordpress\/ -->\n<title>\u00c0 propos - D\u00e9cor Au Vent<\/title>\n<meta name=\"robots\" content=\"index, follow, max-snippet:-1, max-image-preview:large, max-video-preview:-1\" \/>\n<link rel=\"canonical\" href=\"https:\/\/decorauvent.ca\/en\/a-propos\/\" \/>\n<meta property=\"og:locale\" content=\"en_US\" \/>\n<meta property=\"og:type\" content=\"article\" \/>\n<meta property=\"og:title\" content=\"\u00c0 propos - D\u00e9cor Au Vent\" \/>\n<meta property=\"og:description\" content=\"\u00c0 propos Au fil des ann\u00e9es, l\u2019\u00e9quipe de D\u00e9cor Au Vent a construit une r\u00e9putation solide gr\u00e2ce \u00e0 son innovation remarquable, sa cr\u00e9ativit\u00e9, son savoir-faire technologique, la qualit\u00e9 des produits qu\u2019elle offre, sa main-d\u2019oeuvre engag\u00e9e, et son service \u00e0 la client\u00e8le attentionn\u00e9. Notre histoire Depuis sa fondation en 1993, D\u00e9cor Au Vent a grandi et [&hellip;]\" \/>\n<meta property=\"og:url\" content=\"https:\/\/decorauvent.ca\/en\/a-propos\/\" \/>\n<meta property=\"og:site_name\" content=\"D\u00e9cor Au Vent\" \/>\n<meta property=\"article:modified_time\" content=\"2024-12-13T13:20:13+00:00\" \/>\n<meta property=\"og:image\" content=\"https:\/\/decorauvent.ca\/wp-content\/uploads\/2024\/11\/30e.png\" \/>\n\t<meta property=\"og:image:width\" content=\"800\" \/>\n\t<meta property=\"og:image:height\" content=\"800\" \/>\n\t<meta property=\"og:image:type\" content=\"image\/png\" \/>\n<meta name=\"twitter:card\" content=\"summary_large_image\" \/>\n<meta name=\"twitter:label1\" content=\"Est. reading time\" \/>\n\t<meta name=\"twitter:data1\" content=\"3 minutes\" \/>\n<script type=\"application\/ld+json\" class=\"yoast-schema-graph\">{\"@context\":\"https:\\\/\\\/schema.org\",\"@graph\":[{\"@type\":\"WebPage\",\"@id\":\"https:\\\/\\\/decorauvent.ca\\\/a-propos\\\/\",\"url\":\"https:\\\/\\\/decorauvent.ca\\\/a-propos\\\/\",\"name\":\"\u00c0 propos - D\u00e9cor Au Vent\",\"isPartOf\":{\"@id\":\"https:\\\/\\\/decorauvent.ca\\\/#website\"},\"primaryImageOfPage\":{\"@id\":\"https:\\\/\\\/decorauvent.ca\\\/a-propos\\\/#primaryimage\"},\"image\":{\"@id\":\"https:\\\/\\\/decorauvent.ca\\\/a-propos\\\/#primaryimage\"},\"thumbnailUrl\":\"https:\\\/\\\/decorauvent.ca\\\/wp-content\\\/uploads\\\/2024\\\/11\\\/30e.png\",\"datePublished\":\"2024-11-07T17:46:54+00:00\",\"dateModified\":\"2024-12-13T13:20:13+00:00\",\"breadcrumb\":{\"@id\":\"https:\\\/\\\/decorauvent.ca\\\/a-propos\\\/#breadcrumb\"},\"inLanguage\":\"en-US\",\"potentialAction\":[{\"@type\":\"ReadAction\",\"target\":[\"https:\\\/\\\/decorauvent.ca\\\/a-propos\\\/\"]}]},{\"@type\":\"ImageObject\",\"inLanguage\":\"en-US\",\"@id\":\"https:\\\/\\\/decorauvent.ca\\\/a-propos\\\/#primaryimage\",\"url\":\"https:\\\/\\\/decorauvent.ca\\\/wp-content\\\/uploads\\\/2024\\\/11\\\/30e.png\",\"contentUrl\":\"https:\\\/\\\/decorauvent.ca\\\/wp-content\\\/uploads\\\/2024\\\/11\\\/30e.png\"},{\"@type\":\"BreadcrumbList\",\"@id\":\"https:\\\/\\\/decorauvent.ca\\\/a-propos\\\/#breadcrumb\",\"itemListElement\":[{\"@type\":\"ListItem\",\"position\":1,\"name\":\"Portada\",\"item\":\"https:\\\/\\\/decorauvent.ca\\\/\"},{\"@type\":\"ListItem\",\"position\":2,\"name\":\"\u00c0 propos\"}]},{\"@type\":\"WebSite\",\"@id\":\"https:\\\/\\\/decorauvent.ca\\\/#website\",\"url\":\"https:\\\/\\\/decorauvent.ca\\\/\",\"name\":\"D\u00e9cor Au Vent\",\"description\":\"Le sp\u00e9cialiste des auvents sur mesure au Qu\u00e9bec\",\"publisher\":{\"@id\":\"https:\\\/\\\/decorauvent.ca\\\/#organization\"},\"potentialAction\":[{\"@type\":\"SearchAction\",\"target\":{\"@type\":\"EntryPoint\",\"urlTemplate\":\"https:\\\/\\\/decorauvent.ca\\\/?s={search_term_string}\"},\"query-input\":{\"@type\":\"PropertyValueSpecification\",\"valueRequired\":true,\"valueName\":\"search_term_string\"}}],\"inLanguage\":\"en-US\"},{\"@type\":\"Organization\",\"@id\":\"https:\\\/\\\/decorauvent.ca\\\/#organization\",\"name\":\"D\u00e9cor Au Vent\",\"url\":\"https:\\\/\\\/decorauvent.ca\\\/\",\"logo\":{\"@type\":\"ImageObject\",\"inLanguage\":\"en-US\",\"@id\":\"https:\\\/\\\/decorauvent.ca\\\/#\\\/schema\\\/logo\\\/image\\\/\",\"url\":\"\",\"contentUrl\":\"\",\"caption\":\"D\u00e9cor Au Vent\"},\"image\":{\"@id\":\"https:\\\/\\\/decorauvent.ca\\\/#\\\/schema\\\/logo\\\/image\\\/\"}}]}<\/script>\n<!-- \/ Yoast SEO plugin. -->","yoast_head_json":{"title":"\u00c0 propos - D\u00e9cor Au Vent","robots":{"index":"index","follow":"follow","max-snippet":"max-snippet:-1","max-image-preview":"max-image-preview:large","max-video-preview":"max-video-preview:-1"},"canonical":"https:\/\/decorauvent.ca\/en\/a-propos\/","og_locale":"en_US","og_type":"article","og_title":"\u00c0 propos - D\u00e9cor Au Vent","og_description":"\u00c0 propos Au fil des ann\u00e9es, l\u2019\u00e9quipe de D\u00e9cor Au Vent a construit une r\u00e9putation solide gr\u00e2ce \u00e0 son innovation remarquable, sa cr\u00e9ativit\u00e9, son savoir-faire technologique, la qualit\u00e9 des produits qu\u2019elle offre, sa main-d\u2019oeuvre engag\u00e9e, et son service \u00e0 la client\u00e8le attentionn\u00e9. Notre histoire Depuis sa fondation en 1993, D\u00e9cor Au Vent a grandi et [&hellip;]","og_url":"https:\/\/decorauvent.ca\/en\/a-propos\/","og_site_name":"D\u00e9cor Au Vent","article_modified_time":"2024-12-13T13:20:13+00:00","og_image":[{"width":800,"height":800,"url":"https:\/\/decorauvent.ca\/wp-content\/uploads\/2024\/11\/30e.png","type":"image\/png"}],"twitter_card":"summary_large_image","twitter_misc":{"Est. reading time":"3 minutes"},"schema":{"@context":"https:\/\/schema.org","@graph":[{"@type":"WebPage","@id":"https:\/\/decorauvent.ca\/a-propos\/","url":"https:\/\/decorauvent.ca\/a-propos\/","name":"\u00c0 propos - D\u00e9cor Au Vent","isPartOf":{"@id":"https:\/\/decorauvent.ca\/#website"},"primaryImageOfPage":{"@id":"https:\/\/decorauvent.ca\/a-propos\/#primaryimage"},"image":{"@id":"https:\/\/decorauvent.ca\/a-propos\/#primaryimage"},"thumbnailUrl":"https:\/\/decorauvent.ca\/wp-content\/uploads\/2024\/11\/30e.png","datePublished":"2024-11-07T17:46:54+00:00","dateModified":"2024-12-13T13:20:13+00:00","breadcrumb":{"@id":"https:\/\/decorauvent.ca\/a-propos\/#breadcrumb"},"inLanguage":"en-US","potentialAction":[{"@type":"ReadAction","target":["https:\/\/decorauvent.ca\/a-propos\/"]}]},{"@type":"ImageObject","inLanguage":"en-US","@id":"https:\/\/decorauvent.ca\/a-propos\/#primaryimage","url":"https:\/\/decorauvent.ca\/wp-content\/uploads\/2024\/11\/30e.png","contentUrl":"https:\/\/decorauvent.ca\/wp-content\/uploads\/2024\/11\/30e.png"},{"@type":"BreadcrumbList","@id":"https:\/\/decorauvent.ca\/a-propos\/#breadcrumb","itemListElement":[{"@type":"ListItem","position":1,"name":"Portada","item":"https:\/\/decorauvent.ca\/"},{"@type":"ListItem","position":2,"name":"\u00c0 propos"}]},{"@type":"WebSite","@id":"https:\/\/decorauvent.ca\/#website","url":"https:\/\/decorauvent.ca\/","name":"D\u00e9cor Au Vent","description":"The Specialist in Custom Awnings in Quebec","publisher":{"@id":"https:\/\/decorauvent.ca\/#organization"},"potentialAction":[{"@type":"SearchAction","target":{"@type":"EntryPoint","urlTemplate":"https:\/\/decorauvent.ca\/?s={search_term_string}"},"query-input":{"@type":"PropertyValueSpecification","valueRequired":true,"valueName":"search_term_string"}}],"inLanguage":"en-US"},{"@type":"Organization","@id":"https:\/\/decorauvent.ca\/#organization","name":"D\u00e9cor Au Vent","url":"https:\/\/decorauvent.ca\/","logo":{"@type":"ImageObject","inLanguage":"en-US","@id":"https:\/\/decorauvent.ca\/#\/schema\/logo\/image\/","url":"","contentUrl":"","caption":"D\u00e9cor Au Vent"},"image":{"@id":"https:\/\/decorauvent.ca\/#\/schema\/logo\/image\/"}}]}},"_links":{"self":[{"href":"https:\/\/decorauvent.ca\/en\/wp-json\/wp\/v2\/pages\/466","targetHints":{"allow":["GET"]}}],"collection":[{"href":"https:\/\/decorauvent.ca\/en\/wp-json\/wp\/v2\/pages"}],"about":[{"href":"https:\/\/decorauvent.ca\/en\/wp-json\/wp\/v2\/types\/page"}],"author":[{"embeddable":true,"href":"https:\/\/decorauvent.ca\/en\/wp-json\/wp\/v2\/users\/2"}],"replies":[{"embeddable":true,"href":"https:\/\/decorauvent.ca\/en\/wp-json\/wp\/v2\/comments?post=466"}],"version-history":[{"count":42,"href":"https:\/\/decorauvent.ca\/en\/wp-json\/wp\/v2\/pages\/466\/revisions"}],"predecessor-version":[{"id":1316,"href":"https:\/\/decorauvent.ca\/en\/wp-json\/wp\/v2\/pages\/466\/revisions\/1316"}],"wp:attachment":[{"href":"https:\/\/decorauvent.ca\/en\/wp-json\/wp\/v2\/media?parent=466"}],"curies":[{"name":"wp","href":"https:\/\/api.w.org\/{rel}","templated":true}]}}