{"id":3,"date":"2024-10-16T14:33:24","date_gmt":"2024-10-16T14:33:24","guid":{"rendered":"https:\/\/decorauvent.ca\/?page_id=3"},"modified":"2024-11-13T23:26:30","modified_gmt":"2024-11-13T23:26:30","slug":"privacy-policy","status":"publish","type":"page","link":"https:\/\/decorauvent.ca\/en\/privacy-policy\/","title":{"rendered":"Privacy Policy"},"content":{"rendered":"<div data-elementor-type=\"wp-page\" data-elementor-id=\"3\" class=\"elementor elementor-3\" data-elementor-post-type=\"page\">\n\t\t\t\t<div class=\"elementor-element elementor-element-fef7eb2 e-flex e-con-boxed e-con e-parent\" data-id=\"fef7eb2\" data-element_type=\"container\" data-e-type=\"container\" data-settings=\"{&quot;background_background&quot;:&quot;classic&quot;}\">\n\t\t\t\t\t<div class=\"e-con-inner\">\n\t\t\t\t<div class=\"elementor-element elementor-element-dfaa37c elementor-widget elementor-widget-heading\" data-id=\"dfaa37c\" data-element_type=\"widget\" data-e-type=\"widget\" data-widget_type=\"heading.default\">\n\t\t\t\t<div class=\"elementor-widget-container\">\n\t\t\t\t\t<h2 class=\"elementor-heading-title elementor-size-default\">Privacy Policy<\/h2>\t\t\t\t<\/div>\n\t\t\t\t<\/div>\n\t\t\t\t\t<\/div>\n\t\t\t\t<\/div>\n\t\t<div class=\"elementor-element elementor-element-33773ed3 e-flex e-con-boxed e-con e-parent\" data-id=\"33773ed3\" data-element_type=\"container\" data-e-type=\"container\">\n\t\t\t\t\t<div class=\"e-con-inner\">\n\t\t\t\t<div class=\"elementor-element elementor-element-5a8f487b elementor-widget elementor-widget-text-editor\" data-id=\"5a8f487b\" data-element_type=\"widget\" data-e-type=\"widget\" data-widget_type=\"text-editor.default\">\n\t\t\t\t<div class=\"elementor-widget-container\">\n\t\t\t\t\t\t\t\t\t\n<h4 class=\"wp-block-heading\"><strong>Acceptation des conditions d\u2019utilisation<\/strong><\/h4>\n\n<p>En acc\u00e9dant et en utilisant le site Internet vous \u00eates r\u00e9put\u00e9s accepter les pr\u00e9sentes conditions d\u2019utilisation, lesquelles constituent une entente entre vous et D\u00e9cor Au Vent quant \u00e0 votre utilisation de ce site Internet. Ces conditions peuvent \u00eatre modifi\u00e9es en tout temps. Si vous n\u2019acceptez pas chacune des conditions, veuillez vous abstenir d\u2019acc\u00e9der et d\u2019utiliser le site Internet.<\/p>\n\n<h4 class=\"wp-block-heading\"><strong>Exclusion de garantie et exon\u00e9ration de responsabilit\u00e9<\/strong><\/h4>\n\n<p>D\u00e9cor Au Vent n\u2019\u00e9met aucune garantie relativement \u00e0 l\u2019acc\u00e8s au fonctionnement et au contenu du site Internet, et ne peut d\u00e8s lors se voir imputer quelque responsabilit\u00e9 en regard de ceux-ci.<\/p>\n\n<h4 class=\"wp-block-heading\"><strong>Usage du site<\/strong><\/h4>\n\n<p>Vous ne pouvez pas utiliser le site Internet \u00e0 des fins commerciales ou de revente. Nous pouvons restreindre ou vous interdire l\u2019acc\u00e8s au site Internet \u00e0 notre seule discr\u00e9tion en tout temps sans pr\u00e9avis.<\/p>\n\n<h4 class=\"wp-block-heading\"><strong>Propri\u00e9t\u00e9 et droits d\u2019auteur<\/strong><\/h4>\n\n<p>Le contenu de ce site est prot\u00e9g\u00e9 par le droit d\u2019auteur et ne peut \u00eatre reproduit sous quelque forme sans le consentement \u00e9crit et pr\u00e9alable de D\u00e9cor Au Vent. Votre acc\u00e8s et votre utilisation du site Internet ne vous conf\u00e8rent aucun droit sur son contenu.<\/p>\n\n<h4 class=\"wp-block-heading\"><strong>Liens vers d\u2019autres sites<\/strong><\/h4>\n\n<p>Le site Internet peut inclure des liens ou des renvois \u00e0 des sites Internet ou documents publi\u00e9s par des tiers (les \u00ab autres sites \u00bb) \u00e0 des fins de commodit\u00e9 ou d\u2019information. D\u00e9cor Au Vent n\u2019est aucunement responsable des autres sites ou de leurs activit\u00e9s, produits, services ou contenus et n\u2019exerce aucun contr\u00f4le sur ceux-ci. Nous r\u00e9servons par ailleurs le droit d\u2019exiger le retrait ou la suppression de liens hypertextes vers notre site Internet.<\/p>\n\n<h4 class=\"wp-block-heading\"><strong>Collecte d&rsquo;informations personnelles<\/strong><\/h4>\n\n<p>D\u00e9cor Au Vent proc\u00e8de \u00e0 la collecte de cat\u00e9gories sp\u00e9cifiques d&rsquo;informations personnelles, qui peuvent inclure :<\/p>\n\n<ul class=\"wp-block-list\">\n<li>Email<\/li>\n\n<li>Address<\/li>\n\n<li>Num\u00e9ro de t\u00e9l\u00e9phone<\/li>\n\n<li>Nom (nom et pr\u00e9nom)<\/li>\n<\/ul>\n\n<h4 class=\"wp-block-heading\"><strong>Protection des renseignements personnels<\/strong><\/h4>\n\n<p>D\u00e9cor Au Vent prend tous les moyens raisonnables afin de prot\u00e9ger les renseignements confidentiels que vous lui transmettez. Si vous communiquez volontairement des renseignements personnels ou des informations confidentielles, dans le cadre de l\u2019utilisation de ce site Internet ou par courriel, ou en vous inscrivant \u00e0 notre infolettre, ces renseignements ne seront accessibles qu\u2019au personnel de D\u00e9cor Au Vent ou de ses fournisseurs en technologies de l\u2019information, et ce, aux seules fins de donner suite \u00e0 votre demande. Nous ne divulguerons aucun de vos renseignements personnels \u00e0 des tiers sans votre consentement.<\/p>\n\n<p>Notez que lorsque vous acc\u00e9dez \u00e0 notre site, des renseignements non personnels sont automatiquement \u00e9chang\u00e9s entre votre ordinateur et notre serveur. Par exemple, les donn\u00e9es suivantes peuvent \u00eatre recueillies \u00e0 ce moment-l\u00e0 : le nom de domaine de votre fournisseur de service Internet, le type de navigateur et le syst\u00e8me d\u2019exploitation que vous utilisez pour acc\u00e9der \u00e0 notre site, la date et l\u2019heure d\u2019acc\u00e8s ainsi que les pages que vous visitez. Ces renseignements non personnels sont susceptibles d\u2019\u00eatre utilis\u00e9s \u00e0 des fins d\u2019analyse.<\/p>\n\n<p>Pour poser des questions ou formuler des commentaires \u00e0 l\u2019\u00e9gard de renseignements personnels, exercer vos droits, d\u00e9poser une plainte ou obtenir de l\u2019information sur nos politiques, communiquez avec notre agent de protection de la vie priv\u00e9e par courriel \u00e0 l\u2019adresse info@decorauvent.ca ou par la poste aux coordonn\u00e9es suivantes :<\/p>\n\n<h3 class=\"wp-block-heading\"><strong>D\u00e9cor Au Vent<\/strong><\/h3>\n\n<p>\u00c0 l\u2019attention de l\u2019agent de protection de la vie priv\u00e9e<\/p>\n\n<p>552, Grand Boulevard<\/p>\n\n<p>L\u2019\u00cele-Perrot, QC J7V 4X5<\/p>\n\n<p>Canada<\/p>\n\n<h4 class=\"wp-block-heading\"><strong>Droit applicable<\/strong><\/h4>\n\n<p>Ces conditions d\u2019utilisation, votre acc\u00e8s et votre utilisation du site Internet, ainsi que toute question connexe sont r\u00e9gis par les lois applicables au Qu\u00e9bec. Tout diff\u00e9rend relatif \u00e0 ceux-ci devra \u00eatre soumis au tribunal judiciaire qu\u00e9b\u00e9cois comp\u00e9tent dans le district de Qu\u00e9bec.<\/p>\n\n<h4 class=\"wp-block-heading\"><strong>Contacts<\/strong><\/h4>\n\n<p>La confidentialit\u00e9 des communications \u00e9lectroniques par l\u2019entremise de ce site Internet ne peut pas \u00eatre garantie. Dans l\u2019\u00e9ventualit\u00e9 o\u00f9 vous deviez nous contacter ou nous transmettre des documents de fa\u00e7on urgente, veuillez nous t\u00e9l\u00e9phoner ou utiliser une m\u00e9thode de chiffrement.<\/p>\n\n<p>Pour toute information ou question, communiquez avec nous \u00e0 info@decorauvent.ca ou par t\u00e9l\u00e9phone au 514-453-2110 ou au 1-866-453-2110.<\/p>\n\t\t\t\t\t\t\t\t<\/div>\n\t\t\t\t<\/div>\n\t\t\t\t\t<\/div>\n\t\t\t\t<\/div>\n\t\t\t\t<\/div>","protected":false},"excerpt":{"rendered":"<p>Politique de confidentialit\u00e9 Acceptation des conditions d\u2019utilisation En acc\u00e9dant et en utilisant le site Internet vous \u00eates r\u00e9put\u00e9s accepter les pr\u00e9sentes conditions d\u2019utilisation, lesquelles constituent une entente entre vous et D\u00e9cor Au Vent quant \u00e0 votre utilisation de ce site Internet. Ces conditions peuvent \u00eatre modifi\u00e9es en tout temps. Si vous n\u2019acceptez pas chacune des [&hellip;]<\/p>\n","protected":false},"author":1,"featured_media":0,"parent":0,"menu_order":0,"comment_status":"closed","ping_status":"open","template":"elementor_header_footer","meta":{"_coblocks_attr":"","_coblocks_dimensions":"","_coblocks_responsive_height":"","_coblocks_accordion_ie_support":"","footnotes":""},"class_list":["post-3","page","type-page","status-publish","hentry"],"yoast_head":"<!-- This site is optimized with the Yoast SEO plugin v27.5 - https:\/\/yoast.com\/product\/yoast-seo-wordpress\/ -->\n<title>Politique de confidentialit\u00e9 - D\u00e9cor Au Vent<\/title>\n<meta name=\"robots\" content=\"index, follow, max-snippet:-1, max-image-preview:large, max-video-preview:-1\" \/>\n<link rel=\"canonical\" href=\"https:\/\/decorauvent.ca\/en\/privacy-policy\/\" \/>\n<meta property=\"og:locale\" content=\"en_US\" \/>\n<meta property=\"og:type\" content=\"article\" \/>\n<meta property=\"og:title\" content=\"Politique de confidentialit\u00e9 - D\u00e9cor Au Vent\" \/>\n<meta property=\"og:description\" content=\"Politique de confidentialit\u00e9 Acceptation des conditions d\u2019utilisation En acc\u00e9dant et en utilisant le site Internet vous \u00eates r\u00e9put\u00e9s accepter les pr\u00e9sentes conditions d\u2019utilisation, lesquelles constituent une entente entre vous et D\u00e9cor Au Vent quant \u00e0 votre utilisation de ce site Internet. Ces conditions peuvent \u00eatre modifi\u00e9es en tout temps. Si vous n\u2019acceptez pas chacune des [&hellip;]\" \/>\n<meta property=\"og:url\" content=\"https:\/\/decorauvent.ca\/en\/privacy-policy\/\" \/>\n<meta property=\"og:site_name\" content=\"D\u00e9cor Au Vent\" \/>\n<meta property=\"article:modified_time\" content=\"2024-11-13T23:26:30+00:00\" \/>\n<meta name=\"twitter:card\" content=\"summary_large_image\" \/>\n<meta name=\"twitter:label1\" content=\"Est. reading time\" \/>\n\t<meta name=\"twitter:data1\" content=\"3 minutes\" \/>\n<script type=\"application\/ld+json\" class=\"yoast-schema-graph\">{\"@context\":\"https:\\\/\\\/schema.org\",\"@graph\":[{\"@type\":\"WebPage\",\"@id\":\"https:\\\/\\\/decorauvent.ca\\\/privacy-policy\\\/\",\"url\":\"https:\\\/\\\/decorauvent.ca\\\/privacy-policy\\\/\",\"name\":\"Politique de confidentialit\u00e9 - D\u00e9cor Au Vent\",\"isPartOf\":{\"@id\":\"https:\\\/\\\/decorauvent.ca\\\/#website\"},\"datePublished\":\"2024-10-16T14:33:24+00:00\",\"dateModified\":\"2024-11-13T23:26:30+00:00\",\"breadcrumb\":{\"@id\":\"https:\\\/\\\/decorauvent.ca\\\/privacy-policy\\\/#breadcrumb\"},\"inLanguage\":\"en-US\",\"potentialAction\":[{\"@type\":\"ReadAction\",\"target\":[\"https:\\\/\\\/decorauvent.ca\\\/privacy-policy\\\/\"]}]},{\"@type\":\"BreadcrumbList\",\"@id\":\"https:\\\/\\\/decorauvent.ca\\\/privacy-policy\\\/#breadcrumb\",\"itemListElement\":[{\"@type\":\"ListItem\",\"position\":1,\"name\":\"Portada\",\"item\":\"https:\\\/\\\/decorauvent.ca\\\/\"},{\"@type\":\"ListItem\",\"position\":2,\"name\":\"Politique de confidentialit\u00e9\"}]},{\"@type\":\"WebSite\",\"@id\":\"https:\\\/\\\/decorauvent.ca\\\/#website\",\"url\":\"https:\\\/\\\/decorauvent.ca\\\/\",\"name\":\"D\u00e9cor Au Vent\",\"description\":\"Le sp\u00e9cialiste des auvents sur mesure au Qu\u00e9bec\",\"publisher\":{\"@id\":\"https:\\\/\\\/decorauvent.ca\\\/#organization\"},\"potentialAction\":[{\"@type\":\"SearchAction\",\"target\":{\"@type\":\"EntryPoint\",\"urlTemplate\":\"https:\\\/\\\/decorauvent.ca\\\/?s={search_term_string}\"},\"query-input\":{\"@type\":\"PropertyValueSpecification\",\"valueRequired\":true,\"valueName\":\"search_term_string\"}}],\"inLanguage\":\"en-US\"},{\"@type\":\"Organization\",\"@id\":\"https:\\\/\\\/decorauvent.ca\\\/#organization\",\"name\":\"D\u00e9cor Au Vent\",\"url\":\"https:\\\/\\\/decorauvent.ca\\\/\",\"logo\":{\"@type\":\"ImageObject\",\"inLanguage\":\"en-US\",\"@id\":\"https:\\\/\\\/decorauvent.ca\\\/#\\\/schema\\\/logo\\\/image\\\/\",\"url\":\"\",\"contentUrl\":\"\",\"caption\":\"D\u00e9cor Au Vent\"},\"image\":{\"@id\":\"https:\\\/\\\/decorauvent.ca\\\/#\\\/schema\\\/logo\\\/image\\\/\"}}]}<\/script>\n<!-- \/ Yoast SEO plugin. -->","yoast_head_json":{"title":"Politique de confidentialit\u00e9 - D\u00e9cor Au Vent","robots":{"index":"index","follow":"follow","max-snippet":"max-snippet:-1","max-image-preview":"max-image-preview:large","max-video-preview":"max-video-preview:-1"},"canonical":"https:\/\/decorauvent.ca\/en\/privacy-policy\/","og_locale":"en_US","og_type":"article","og_title":"Politique de confidentialit\u00e9 - D\u00e9cor Au Vent","og_description":"Politique de confidentialit\u00e9 Acceptation des conditions d\u2019utilisation En acc\u00e9dant et en utilisant le site Internet vous \u00eates r\u00e9put\u00e9s accepter les pr\u00e9sentes conditions d\u2019utilisation, lesquelles constituent une entente entre vous et D\u00e9cor Au Vent quant \u00e0 votre utilisation de ce site Internet. Ces conditions peuvent \u00eatre modifi\u00e9es en tout temps. Si vous n\u2019acceptez pas chacune des [&hellip;]","og_url":"https:\/\/decorauvent.ca\/en\/privacy-policy\/","og_site_name":"D\u00e9cor Au Vent","article_modified_time":"2024-11-13T23:26:30+00:00","twitter_card":"summary_large_image","twitter_misc":{"Est. reading time":"3 minutes"},"schema":{"@context":"https:\/\/schema.org","@graph":[{"@type":"WebPage","@id":"https:\/\/decorauvent.ca\/privacy-policy\/","url":"https:\/\/decorauvent.ca\/privacy-policy\/","name":"Politique de confidentialit\u00e9 - D\u00e9cor Au Vent","isPartOf":{"@id":"https:\/\/decorauvent.ca\/#website"},"datePublished":"2024-10-16T14:33:24+00:00","dateModified":"2024-11-13T23:26:30+00:00","breadcrumb":{"@id":"https:\/\/decorauvent.ca\/privacy-policy\/#breadcrumb"},"inLanguage":"en-US","potentialAction":[{"@type":"ReadAction","target":["https:\/\/decorauvent.ca\/privacy-policy\/"]}]},{"@type":"BreadcrumbList","@id":"https:\/\/decorauvent.ca\/privacy-policy\/#breadcrumb","itemListElement":[{"@type":"ListItem","position":1,"name":"Portada","item":"https:\/\/decorauvent.ca\/"},{"@type":"ListItem","position":2,"name":"Politique de confidentialit\u00e9"}]},{"@type":"WebSite","@id":"https:\/\/decorauvent.ca\/#website","url":"https:\/\/decorauvent.ca\/","name":"D\u00e9cor Au Vent","description":"The Specialist in Custom Awnings in Quebec","publisher":{"@id":"https:\/\/decorauvent.ca\/#organization"},"potentialAction":[{"@type":"SearchAction","target":{"@type":"EntryPoint","urlTemplate":"https:\/\/decorauvent.ca\/?s={search_term_string}"},"query-input":{"@type":"PropertyValueSpecification","valueRequired":true,"valueName":"search_term_string"}}],"inLanguage":"en-US"},{"@type":"Organization","@id":"https:\/\/decorauvent.ca\/#organization","name":"D\u00e9cor Au Vent","url":"https:\/\/decorauvent.ca\/","logo":{"@type":"ImageObject","inLanguage":"en-US","@id":"https:\/\/decorauvent.ca\/#\/schema\/logo\/image\/","url":"","contentUrl":"","caption":"D\u00e9cor Au Vent"},"image":{"@id":"https:\/\/decorauvent.ca\/#\/schema\/logo\/image\/"}}]}},"_links":{"self":[{"href":"https:\/\/decorauvent.ca\/en\/wp-json\/wp\/v2\/pages\/3","targetHints":{"allow":["GET"]}}],"collection":[{"href":"https:\/\/decorauvent.ca\/en\/wp-json\/wp\/v2\/pages"}],"about":[{"href":"https:\/\/decorauvent.ca\/en\/wp-json\/wp\/v2\/types\/page"}],"author":[{"embeddable":true,"href":"https:\/\/decorauvent.ca\/en\/wp-json\/wp\/v2\/users\/1"}],"replies":[{"embeddable":true,"href":"https:\/\/decorauvent.ca\/en\/wp-json\/wp\/v2\/comments?post=3"}],"version-history":[{"count":4,"href":"https:\/\/decorauvent.ca\/en\/wp-json\/wp\/v2\/pages\/3\/revisions"}],"predecessor-version":[{"id":1050,"href":"https:\/\/decorauvent.ca\/en\/wp-json\/wp\/v2\/pages\/3\/revisions\/1050"}],"wp:attachment":[{"href":"https:\/\/decorauvent.ca\/en\/wp-json\/wp\/v2\/media?parent=3"}],"curies":[{"name":"wp","href":"https:\/\/api.w.org\/{rel}","templated":true}]}}